{"id":704,"date":"2024-05-21T17:31:16","date_gmt":"2024-05-21T09:31:16","guid":{"rendered":"https:\/\/ecmicrophones.com\/?post_type=product&#038;p=704"},"modified":"2026-03-19T15:32:09","modified_gmt":"2026-03-19T07:32:09","slug":"15mm-dynamic-microphone-replacement-cartridge-for-loudspeakers","status":"publish","type":"product","link":"https:\/\/ecmicrophones.com\/pt\/15mm-dynamic-microphone-replacement-cartridge-for-loudspeakers\/","title":{"rendered":"Cartucho de substitui\u00e7\u00e3o de microfone din\u00e2mico de 15 mm para alto-falantes"},"content":{"rendered":"<h2 class=\"text-start\">Especifica\u00e7\u00f5es t\u00e9cnicas<\/h2>\n<p class=\"text-start\">O ECM-DM1508K250 \u00e9 uma c\u00e1psula de microfone din\u00e2mico compacta projetada para aplica\u00e7\u00f5es com foco na voz. Com uma resposta de frequ\u00eancia que abrange de 100 Hz a 9 kHz, ele capta a faixa vocal com clareza e calor, o que o torna ideal para sistemas de endere\u00e7os p\u00fablicos, auxiliares de ensino e solu\u00e7\u00f5es de microfones de cabe\u00e7a.<\/p>\n<p class=\"text-start\">Seu padr\u00e3o polar unidirecional garante a captura de \u00e1udio focada com ru\u00eddo ambiente reduzido, enquanto as op\u00e7\u00f5es de imped\u00e2ncia de 200\u03a9 ou 250\u03a9 oferecem ampla compatibilidade com circuitos de amplifica\u00e7\u00e3o e interfaces de \u00e1udio.<\/p>\n<p class=\"text-start\">Projetado para integra\u00e7\u00e3o em dispositivos port\u00e1teis ou de cabe\u00e7a, o ECM-DM1508K250 oferece desempenho est\u00e1vel em cen\u00e1rios profissionais e cotidianos de amplifica\u00e7\u00e3o de voz, desde salas de aula at\u00e9 locais de karaok\u00ea.<\/p>\n<h3 class=\"pt-5 text-start\">Vista explodida e lista de pe\u00e7as<\/h3>\n<p><img loading=\"lazy\" decoding=\"async\" class=\"alignnone size-full wp-image-712\" src=\"https:\/\/ecmicrophones.com\/wp-content\/uploads\/2024\/05\/dynamic-part_ecm-dm1508k250.jpg\" alt=\"Vista explodida da c\u00e1psula do microfone din\u00e2mico ECM-DM1508K250\" width=\"605\" height=\"316\" srcset=\"https:\/\/ecmicrophones.com\/wp-content\/uploads\/2024\/05\/dynamic-part_ecm-dm1508k250.jpg 605w, https:\/\/ecmicrophones.com\/wp-content\/uploads\/2024\/05\/dynamic-part_ecm-dm1508k250-300x157.jpg 300w, https:\/\/ecmicrophones.com\/wp-content\/uploads\/2024\/05\/dynamic-part_ecm-dm1508k250-18x9.jpg 18w, https:\/\/ecmicrophones.com\/wp-content\/uploads\/2024\/05\/dynamic-part_ecm-dm1508k250-600x313.jpg 600w\" sizes=\"auto, (max-width: 605px) 100vw, 605px\" \/><\/p>\n<p>Inclui esponja, tampa, diafragma, bobina, a\u00e7o magn\u00e9tico, panela de ferro, suporte e placa de circuito impresso com solda.<\/p>\n<h3 class=\"pt-5 text-start\">Curva de resposta de frequ\u00eancia<\/h3>\n<p><img loading=\"lazy\" decoding=\"async\" class=\"alignnone size-full wp-image-713\" src=\"https:\/\/ecmicrophones.com\/wp-content\/uploads\/2024\/05\/response-curve_ecm-dm1508k250.png\" alt=\"Resposta de frequ\u00eancia do ECM-DM1508K250\" width=\"835\" height=\"616\" srcset=\"https:\/\/ecmicrophones.com\/wp-content\/uploads\/2024\/05\/response-curve_ecm-dm1508k250.png 835w, https:\/\/ecmicrophones.com\/wp-content\/uploads\/2024\/05\/response-curve_ecm-dm1508k250-300x221.png 300w, https:\/\/ecmicrophones.com\/wp-content\/uploads\/2024\/05\/response-curve_ecm-dm1508k250-768x567.png 768w, https:\/\/ecmicrophones.com\/wp-content\/uploads\/2024\/05\/response-curve_ecm-dm1508k250-16x12.png 16w, https:\/\/ecmicrophones.com\/wp-content\/uploads\/2024\/05\/response-curve_ecm-dm1508k250-600x443.png 600w\" sizes=\"auto, (max-width: 835px) 100vw, 835px\" \/><\/p>\n<p>A resposta de frequ\u00eancia vai de 100 Hz a 9 kHz, proporcionando graves encorpados, m\u00e9dios equilibrados e uma atenua\u00e7\u00e3o natural nos agudos - ideal para uma reprodu\u00e7\u00e3o vocal clara.<\/p>\n<h3 class=\"pt-5 text-start\">Dimens\u00f5es (unidade: mm)<\/h3>\n<p><img loading=\"lazy\" decoding=\"async\" class=\"alignnone size-full wp-image-711\" src=\"https:\/\/ecmicrophones.com\/wp-content\/uploads\/2024\/05\/appearance-size_ecm-dm1508k250.png\" alt=\"Dimens\u00f5es do ECM-DM1508K250: \u03a615\u00d78,0 mm\" width=\"545\" height=\"475\" srcset=\"https:\/\/ecmicrophones.com\/wp-content\/uploads\/2024\/05\/appearance-size_ecm-dm1508k250.png 545w, https:\/\/ecmicrophones.com\/wp-content\/uploads\/2024\/05\/appearance-size_ecm-dm1508k250-300x261.png 300w, https:\/\/ecmicrophones.com\/wp-content\/uploads\/2024\/05\/appearance-size_ecm-dm1508k250-14x12.png 14w\" sizes=\"auto, (max-width: 545px) 100vw, 545px\" \/><\/p>\n<p>C\u00e1psula de microfone din\u00e2mico com tamanho de \u03a615 \u00d7 8 mm, projetada para capta\u00e7\u00e3o de som focada na voz com presen\u00e7a enfatizada de frequ\u00eancia m\u00e9dia.<\/p>","protected":false},"excerpt":{"rendered":"<div>\n<div>Otimizada para capta\u00e7\u00e3o vocal n\u00edtida em sistemas de amplifica\u00e7\u00e3o de voz, microfones de cabe\u00e7a e substitutos de microfone de m\u00e3o para KTV, essa c\u00e1psula de microfone din\u00e2mico unidirecional de 15 \u00d7 8 mm apresenta uma resposta de frequ\u00eancia de 100 Hz a 9 kHz e op\u00e7\u00f5es de imped\u00e2ncia de 200\u03a9 ou 250\u03a9. Proporciona um som quente e concentrado, ideal para uso profissional e de entretenimento.<\/div>\n<\/div>","protected":false},"featured_media":2413,"comment_status":"open","ping_status":"closed","template":"","meta":[],"product_brand":[721],"product_cat":[17],"product_tag":[311,229],"class_list":{"0":"post-704","1":"product","2":"type-product","3":"status-publish","4":"has-post-thumbnail","6":"product_brand-ecmic","7":"product_cat-dynamic-microphones","8":"product_tag-15mm","9":"product_tag-equipment","11":"first","12":"instock","13":"shipping-taxable","14":"purchasable","15":"product-type-simple"},"_links":{"self":[{"href":"https:\/\/ecmicrophones.com\/pt\/wp-json\/wp\/v2\/product\/704","targetHints":{"allow":["GET"]}}],"collection":[{"href":"https:\/\/ecmicrophones.com\/pt\/wp-json\/wp\/v2\/product"}],"about":[{"href":"https:\/\/ecmicrophones.com\/pt\/wp-json\/wp\/v2\/types\/product"}],"replies":[{"embeddable":true,"href":"https:\/\/ecmicrophones.com\/pt\/wp-json\/wp\/v2\/comments?post=704"}],"wp:featuredmedia":[{"embeddable":true,"href":"https:\/\/ecmicrophones.com\/pt\/wp-json\/wp\/v2\/media\/2413"}],"wp:attachment":[{"href":"https:\/\/ecmicrophones.com\/pt\/wp-json\/wp\/v2\/media?parent=704"}],"wp:term":[{"taxonomy":"product_brand","embeddable":true,"href":"https:\/\/ecmicrophones.com\/pt\/wp-json\/wp\/v2\/product_brand?post=704"},{"taxonomy":"product_cat","embeddable":true,"href":"https:\/\/ecmicrophones.com\/pt\/wp-json\/wp\/v2\/product_cat?post=704"},{"taxonomy":"product_tag","embeddable":true,"href":"https:\/\/ecmicrophones.com\/pt\/wp-json\/wp\/v2\/product_tag?post=704"}],"curies":[{"name":"wp","href":"https:\/\/api.w.org\/{rel}","templated":true}]}}