{"id":714,"date":"2024-05-21T17:30:51","date_gmt":"2024-05-21T09:30:51","guid":{"rendered":"https:\/\/ecmicrophones.com\/?post_type=product&#038;p=714"},"modified":"2026-03-19T15:32:19","modified_gmt":"2026-03-19T07:32:19","slug":"15mm-cardioid-dynamic-microphone-capsule-replacement","status":"publish","type":"product","link":"https:\/\/ecmicrophones.com\/pt\/15mm-cardioid-dynamic-microphone-capsule-replacement\/","title":{"rendered":"Substitui\u00e7\u00e3o da c\u00e1psula do microfone din\u00e2mico cardioide de 15 mm"},"content":{"rendered":"<h2 class=\"text-start\">Especifica\u00e7\u00f5es t\u00e9cnicas<\/h2>\n<p class=\"text-start\">Nossa c\u00e1psula de microfone din\u00e2mico de 15 mm proporciona um som rico e completo com alta fidelidade e distor\u00e7\u00e3o m\u00ednima, enfatizando a faixa de frequ\u00eancia central essencial para a reprodu\u00e7\u00e3o clara da voz.<\/p>\n<p class=\"text-start\">Com um padr\u00e3o polar unidirecional e imped\u00e2ncia est\u00e1vel de 150\u03a9, ele garante uma captura de \u00e1udio focada e ampla compatibilidade com v\u00e1rios sistemas de \u00e1udio.<\/p>\n<p class=\"text-start\">Projetada principalmente para conjuntos de microfones de m\u00e3o, essa c\u00e1psula robusta tamb\u00e9m \u00e9 adequada para sistemas amplificadores de sala de aula e fones de ouvido boom usados em ambientes esportivos e de call center, proporcionando amplifica\u00e7\u00e3o vocal confi\u00e1vel e natural em ambientes exigentes.<\/p>\n<h3 class=\"pt-5 text-start\">Vista explodida e lista de pe\u00e7as<\/h3>\n<p><img loading=\"lazy\" decoding=\"async\" class=\"alignnone wp-image-3890 size-full\" src=\"https:\/\/ecmicrophones.com\/wp-content\/uploads\/2024\/05\/dynamic-part_ecm-dm1508k150.png\" alt=\"Vista explodida da c\u00e1psula do microfone din\u00e2mico ECM-DM1508K150\" width=\"580\" height=\"310\" srcset=\"https:\/\/ecmicrophones.com\/wp-content\/uploads\/2024\/05\/dynamic-part_ecm-dm1508k150.png 580w, https:\/\/ecmicrophones.com\/wp-content\/uploads\/2024\/05\/dynamic-part_ecm-dm1508k150-300x160.png 300w, https:\/\/ecmicrophones.com\/wp-content\/uploads\/2024\/05\/dynamic-part_ecm-dm1508k150-18x10.png 18w\" sizes=\"auto, (max-width: 580px) 100vw, 580px\" \/><\/p>\n<p>Inclui esponja, tampa, diafragma, bobina, a\u00e7o magn\u00e9tico, panela de ferro, suporte e placa de circuito impresso com solda.<\/p>\n<h3 class=\"pt-5 text-start\">Curva de resposta de frequ\u00eancia<\/h3>\n<p><img loading=\"lazy\" decoding=\"async\" class=\"alignnone size-full wp-image-1178\" src=\"https:\/\/ecmicrophones.com\/wp-content\/uploads\/2024\/05\/response-curve_ecm-dm1508k150-1.png\" alt=\"Resposta de frequ\u00eancia do ECM-DM1508K150\" width=\"781\" height=\"585\" srcset=\"https:\/\/ecmicrophones.com\/wp-content\/uploads\/2024\/05\/response-curve_ecm-dm1508k150-1.png 781w, https:\/\/ecmicrophones.com\/wp-content\/uploads\/2024\/05\/response-curve_ecm-dm1508k150-1-300x225.png 300w, https:\/\/ecmicrophones.com\/wp-content\/uploads\/2024\/05\/response-curve_ecm-dm1508k150-1-768x575.png 768w, https:\/\/ecmicrophones.com\/wp-content\/uploads\/2024\/05\/response-curve_ecm-dm1508k150-1-16x12.png 16w, https:\/\/ecmicrophones.com\/wp-content\/uploads\/2024\/05\/response-curve_ecm-dm1508k150-1-600x449.png 600w\" sizes=\"auto, (max-width: 781px) 100vw, 781px\" \/><\/p>\n<p>A faixa de frequ\u00eancia de 100 Hz a 9 kHz proporciona graves quentes e m\u00e9dios claros, tornando-o uma op\u00e7\u00e3o s\u00f3lida para conjuntos de microfones din\u00e2micos voltados para o vocal.<\/p>\n<h3 class=\"pt-5 text-start\">Dimens\u00f5es (unidade: mm)<\/h3>\n<p><img loading=\"lazy\" decoding=\"async\" class=\"alignnone size-full wp-image-715\" src=\"https:\/\/ecmicrophones.com\/wp-content\/uploads\/2024\/05\/appearance-size_ecm-dm1508k150.png\" alt=\"Dimens\u00f5es do ECM-DM1508K150: \u03a615\u00d78,0 mm\" width=\"332\" height=\"406\" srcset=\"https:\/\/ecmicrophones.com\/wp-content\/uploads\/2024\/05\/appearance-size_ecm-dm1508k150.png 332w, https:\/\/ecmicrophones.com\/wp-content\/uploads\/2024\/05\/appearance-size_ecm-dm1508k150-245x300.png 245w, https:\/\/ecmicrophones.com\/wp-content\/uploads\/2024\/05\/appearance-size_ecm-dm1508k150-10x12.png 10w\" sizes=\"auto, (max-width: 332px) 100vw, 332px\" \/><\/p>\n<p>C\u00e1psula din\u00e2mica compacta medindo \u03a615 \u00d7 8 mm para aplica\u00e7\u00f5es de \u00e1udio com foco na voz.<\/p>","protected":false},"excerpt":{"rendered":"<div>\n<div>Otimizada para capta\u00e7\u00e3o vocal n\u00edtida em microfones de m\u00e3o, amplifica\u00e7\u00e3o em sala de aula e aplica\u00e7\u00f5es de headset com boom, essa c\u00e1psula de microfone din\u00e2mico unidirecional de 15 \u00d7 8 mm apresenta uma resposta de frequ\u00eancia de 100 Hz a 9 kHz e imped\u00e2ncia est\u00e1vel de 150 \u03a9, proporcionando um som focado e natural, ideal para uso profissional e educacional.<\/div>\n<\/div>","protected":false},"featured_media":2409,"comment_status":"open","ping_status":"closed","template":"","meta":[],"product_brand":[721],"product_cat":[17],"product_tag":[311,116],"class_list":{"0":"post-714","1":"product","2":"type-product","3":"status-publish","4":"has-post-thumbnail","6":"product_brand-ecmic","7":"product_cat-dynamic-microphones","8":"product_tag-15mm","9":"product_tag-vocal","11":"first","12":"instock","13":"shipping-taxable","14":"purchasable","15":"product-type-simple"},"_links":{"self":[{"href":"https:\/\/ecmicrophones.com\/pt\/wp-json\/wp\/v2\/product\/714","targetHints":{"allow":["GET"]}}],"collection":[{"href":"https:\/\/ecmicrophones.com\/pt\/wp-json\/wp\/v2\/product"}],"about":[{"href":"https:\/\/ecmicrophones.com\/pt\/wp-json\/wp\/v2\/types\/product"}],"replies":[{"embeddable":true,"href":"https:\/\/ecmicrophones.com\/pt\/wp-json\/wp\/v2\/comments?post=714"}],"wp:featuredmedia":[{"embeddable":true,"href":"https:\/\/ecmicrophones.com\/pt\/wp-json\/wp\/v2\/media\/2409"}],"wp:attachment":[{"href":"https:\/\/ecmicrophones.com\/pt\/wp-json\/wp\/v2\/media?parent=714"}],"wp:term":[{"taxonomy":"product_brand","embeddable":true,"href":"https:\/\/ecmicrophones.com\/pt\/wp-json\/wp\/v2\/product_brand?post=714"},{"taxonomy":"product_cat","embeddable":true,"href":"https:\/\/ecmicrophones.com\/pt\/wp-json\/wp\/v2\/product_cat?post=714"},{"taxonomy":"product_tag","embeddable":true,"href":"https:\/\/ecmicrophones.com\/pt\/wp-json\/wp\/v2\/product_tag?post=714"}],"curies":[{"name":"wp","href":"https:\/\/api.w.org\/{rel}","templated":true}]}}