{"id":718,"date":"2024-05-21T17:35:01","date_gmt":"2024-05-21T09:35:01","guid":{"rendered":"https:\/\/ecmicrophones.com\/?post_type=product&#038;p=718"},"modified":"2026-03-19T15:31:50","modified_gmt":"2026-03-19T07:31:50","slug":"dynamic-boom-microphone-capsule-19mm","status":"publish","type":"product","link":"https:\/\/ecmicrophones.com\/pt\/dynamic-boom-microphone-capsule-19mm\/","title":{"rendered":"C\u00e1psula de Microfone Boom Din\u00e2mico 19mm"},"content":{"rendered":"<h2 class=\"text-start\">Especifica\u00e7\u00f5es t\u00e9cnicas<\/h2>\n<p class=\"text-start\">A c\u00e1psula do microfone din\u00e2mico ECM-DM1910K600 foi projetada para uma capta\u00e7\u00e3o vocal clara e articulada, apresentando um padr\u00e3o unidirecional que minimiza o ru\u00eddo de fundo. Com uma resposta de frequ\u00eancia de trabalho de 100 Hz a 10 kHz, ele se concentra na faixa de fala, garantindo inteligibilidade em comunica\u00e7\u00f5es ao vivo e gravadas.<\/p>\n<p class=\"text-start\">Sua imped\u00e2ncia de 600\u03a9 oferece uma forte estabilidade de sinal em v\u00e1rios sistemas de \u00e1udio, enquanto o formato compacto de 19 \u00d7 10 mm o torna ideal para integra\u00e7\u00e3o em microfones de m\u00e3o e microfones de headset com haste e outros designs com restri\u00e7\u00f5es de espa\u00e7o.<\/p>\n<p class=\"text-start\">Seja usado em ambientes de transmiss\u00e3o, fones de ouvido de call center ou sistemas de PA port\u00e1teis, o ECM-DM1910K600 proporciona uma captura de voz consistente e confi\u00e1vel, o que o torna uma op\u00e7\u00e3o s\u00f3lida para os fabricantes que desenvolvem solu\u00e7\u00f5es robustas de microfone din\u00e2mico.<\/p>\n<h3 class=\"pt-5 text-start\">Vista explodida e lista de pe\u00e7as<\/h3>\n<p><img loading=\"lazy\" decoding=\"async\" class=\"alignnone wp-image-3888 size-full\" src=\"https:\/\/ecmicrophones.com\/wp-content\/uploads\/2024\/05\/dynamic-part_ecm-dm1910k600.png\" alt=\"Parte Din\u00e2mica\" width=\"570\" height=\"280\" srcset=\"https:\/\/ecmicrophones.com\/wp-content\/uploads\/2024\/05\/dynamic-part_ecm-dm1910k600.png 570w, https:\/\/ecmicrophones.com\/wp-content\/uploads\/2024\/05\/dynamic-part_ecm-dm1910k600-300x147.png 300w, https:\/\/ecmicrophones.com\/wp-content\/uploads\/2024\/05\/dynamic-part_ecm-dm1910k600-18x9.png 18w\" sizes=\"auto, (max-width: 570px) 100vw, 570px\" \/><\/p>\n<p><strong>Lista de pe\u00e7as:<\/strong> Esponja, tampa, diafragma, bobina, a\u00e7o magn\u00e9tico, panela de ferro, suporte, PCB + estanho.<\/p>\n<h3 class=\"pt-5 text-start\">Curva de resposta de frequ\u00eancia<\/h3>\n<p><img loading=\"lazy\" decoding=\"async\" class=\"alignnone size-full wp-image-721\" src=\"https:\/\/ecmicrophones.com\/wp-content\/uploads\/2024\/05\/response-curve_ecm-dm1910k600.jpg\" alt=\"Curva de Resposta\" width=\"644\" height=\"514\" srcset=\"https:\/\/ecmicrophones.com\/wp-content\/uploads\/2024\/05\/response-curve_ecm-dm1910k600.jpg 644w, https:\/\/ecmicrophones.com\/wp-content\/uploads\/2024\/05\/response-curve_ecm-dm1910k600-300x239.jpg 300w, https:\/\/ecmicrophones.com\/wp-content\/uploads\/2024\/05\/response-curve_ecm-dm1910k600-15x12.jpg 15w, https:\/\/ecmicrophones.com\/wp-content\/uploads\/2024\/05\/response-curve_ecm-dm1910k600-600x479.jpg 600w\" sizes=\"auto, (max-width: 644px) 100vw, 644px\" \/><\/p>\n<p><strong>Resposta de frequ\u00eancia:<\/strong> 100Hz-10kHz. Projetado para proporcionar uma capta\u00e7\u00e3o clara da voz com \u00eanfase na faixa vocal.<\/p>\n<h3 class=\"pt-5 text-start\">Dimens\u00f5es (UNIDADE: mm)<\/h3>\n<p><img loading=\"lazy\" decoding=\"async\" class=\"alignnone size-full wp-image-719\" src=\"https:\/\/ecmicrophones.com\/wp-content\/uploads\/2024\/05\/appearance-size_ecm-dm1910k600.jpg\" alt=\"Tamanho da apar\u00eancia\" width=\"308\" height=\"354\" srcset=\"https:\/\/ecmicrophones.com\/wp-content\/uploads\/2024\/05\/appearance-size_ecm-dm1910k600.jpg 308w, https:\/\/ecmicrophones.com\/wp-content\/uploads\/2024\/05\/appearance-size_ecm-dm1910k600-261x300.jpg 261w, https:\/\/ecmicrophones.com\/wp-content\/uploads\/2024\/05\/appearance-size_ecm-dm1910k600-10x12.jpg 10w\" sizes=\"auto, (max-width: 308px) 100vw, 308px\" \/><\/p>\n<p><strong>Dimens\u00f5es:<\/strong> Di\u00e2metro: 19,1 mm; Altura: 10 mm.<\/p>","protected":false},"excerpt":{"rendered":"<p>Otimizada para microfones de m\u00e3o e de haste, essa c\u00e1psula de microfone din\u00e2mico unidirecional de 19 mm oferece capta\u00e7\u00e3o vocal focada e natural com uma resposta de frequ\u00eancia de 100 Hz a 10 kHz e imped\u00e2ncia de 600 \u03a9, ideal para aplica\u00e7\u00f5es de transmiss\u00e3o, comunica\u00e7\u00e3o e viva-voz.<\/p>","protected":false},"featured_media":2424,"comment_status":"open","ping_status":"closed","template":"","meta":[],"product_brand":[721],"product_cat":[17],"product_tag":[310,116],"class_list":{"0":"post-718","1":"product","2":"type-product","3":"status-publish","4":"has-post-thumbnail","6":"product_brand-ecmic","7":"product_cat-dynamic-microphones","8":"product_tag-19mm","9":"product_tag-vocal","11":"first","12":"instock","13":"shipping-taxable","14":"purchasable","15":"product-type-simple"},"_links":{"self":[{"href":"https:\/\/ecmicrophones.com\/pt\/wp-json\/wp\/v2\/product\/718","targetHints":{"allow":["GET"]}}],"collection":[{"href":"https:\/\/ecmicrophones.com\/pt\/wp-json\/wp\/v2\/product"}],"about":[{"href":"https:\/\/ecmicrophones.com\/pt\/wp-json\/wp\/v2\/types\/product"}],"replies":[{"embeddable":true,"href":"https:\/\/ecmicrophones.com\/pt\/wp-json\/wp\/v2\/comments?post=718"}],"wp:featuredmedia":[{"embeddable":true,"href":"https:\/\/ecmicrophones.com\/pt\/wp-json\/wp\/v2\/media\/2424"}],"wp:attachment":[{"href":"https:\/\/ecmicrophones.com\/pt\/wp-json\/wp\/v2\/media?parent=718"}],"wp:term":[{"taxonomy":"product_brand","embeddable":true,"href":"https:\/\/ecmicrophones.com\/pt\/wp-json\/wp\/v2\/product_brand?post=718"},{"taxonomy":"product_cat","embeddable":true,"href":"https:\/\/ecmicrophones.com\/pt\/wp-json\/wp\/v2\/product_cat?post=718"},{"taxonomy":"product_tag","embeddable":true,"href":"https:\/\/ecmicrophones.com\/pt\/wp-json\/wp\/v2\/product_tag?post=718"}],"curies":[{"name":"wp","href":"https:\/\/api.w.org\/{rel}","templated":true}]}}