{"id":722,"date":"2024-05-21T17:34:25","date_gmt":"2024-05-21T09:34:25","guid":{"rendered":"https:\/\/ecmicrophones.com\/?post_type=product&#038;p=722"},"modified":"2026-03-19T15:32:00","modified_gmt":"2026-03-19T07:32:00","slug":"handheld-ktv-microphone-capsule-19mm","status":"publish","type":"product","link":"https:\/\/ecmicrophones.com\/pt\/handheld-ktv-microphone-capsule-19mm\/","title":{"rendered":"C\u00e1psula port\u00e1til din\u00e2mica 19mm do microfone KTV"},"content":{"rendered":"<h2 class=\"text-start\">Especifica\u00e7\u00f5es t\u00e9cnicas<\/h2>\n<p class=\"text-start\">A c\u00e1psula do microfone din\u00e2mico ECM-DM1910K150 foi criada para uma capta\u00e7\u00e3o vocal est\u00e1vel e natural, com uma resposta de frequ\u00eancia de 100 Hz a 7 kHz otimizada para a clareza da fala em aplica\u00e7\u00f5es de m\u00e3o e de headset. Seu padr\u00e3o unidirecional reduz efetivamente o ru\u00eddo ambiente, concentrando-se na voz do locutor.<\/p>\n<p class=\"text-start\">Com uma imped\u00e2ncia de sa\u00edda de 150\u03a9 e uma estrutura compacta de 19,1 \u00d7 10 mm, essa c\u00e1psula se integra facilmente a microfones KTV, fones de ouvido de intercomunica\u00e7\u00e3o e dispositivos de comunica\u00e7\u00e3o do tipo avia\u00e7\u00e3o. Ela oferece desempenho consistente e durabilidade para uso di\u00e1rio em ambientes industriais e de entretenimento.<\/p>\n<p class=\"text-start\">Quer seja usado em microfones de m\u00e3o para uso p\u00fablico ou em sistemas viva-voz para comunica\u00e7\u00e3o profissional, o ECM-DM1910K150 oferece clareza de voz confi\u00e1vel com feedback m\u00ednimo e forte rejei\u00e7\u00e3o de fundo.<\/p>\n<h3 class=\"pt-5 text-start\">Vista explodida e lista de pe\u00e7as<\/h3>\n<p><img loading=\"lazy\" decoding=\"async\" class=\"alignnone wp-image-3889 size-full\" src=\"https:\/\/ecmicrophones.com\/wp-content\/uploads\/2024\/05\/dynamic-part_ecm-dm1910k150.png\" alt=\"Parte Din\u00e2mica\" width=\"570\" height=\"310\" srcset=\"https:\/\/ecmicrophones.com\/wp-content\/uploads\/2024\/05\/dynamic-part_ecm-dm1910k150.png 570w, https:\/\/ecmicrophones.com\/wp-content\/uploads\/2024\/05\/dynamic-part_ecm-dm1910k150-300x163.png 300w, https:\/\/ecmicrophones.com\/wp-content\/uploads\/2024\/05\/dynamic-part_ecm-dm1910k150-18x10.png 18w\" sizes=\"auto, (max-width: 570px) 100vw, 570px\" \/><\/p>\n<p><strong>Lista de pe\u00e7as:<\/strong> Esponja, tampa, diafragma, bobina, a\u00e7o magn\u00e9tico, panela de ferro, suporte, PCB + estanho.<\/p>\n<h3 class=\"pt-5 text-start\">Curva de resposta de frequ\u00eancia<\/h3>\n<p><img loading=\"lazy\" decoding=\"async\" class=\"alignnone size-full wp-image-723\" src=\"https:\/\/ecmicrophones.com\/wp-content\/uploads\/2024\/05\/response-curve_ecm-dm1910k150.jpg\" alt=\"Curva de Resposta\" width=\"641\" height=\"485\" srcset=\"https:\/\/ecmicrophones.com\/wp-content\/uploads\/2024\/05\/response-curve_ecm-dm1910k150.jpg 641w, https:\/\/ecmicrophones.com\/wp-content\/uploads\/2024\/05\/response-curve_ecm-dm1910k150-300x227.jpg 300w, https:\/\/ecmicrophones.com\/wp-content\/uploads\/2024\/05\/response-curve_ecm-dm1910k150-16x12.jpg 16w, https:\/\/ecmicrophones.com\/wp-content\/uploads\/2024\/05\/response-curve_ecm-dm1910k150-600x454.jpg 600w\" sizes=\"auto, (max-width: 641px) 100vw, 641px\" \/><\/p>\n<p><strong>Resposta de frequ\u00eancia:<\/strong> 100Hz-7kHz. Adequado para aplica\u00e7\u00f5es de faixa de voz padr\u00e3o com desempenho est\u00e1vel de m\u00e9dia frequ\u00eancia.<\/p>\n<h3 class=\"pt-5 text-start\">Dimens\u00f5es (UNIDADE: mm)<\/h3>\n<p><img loading=\"lazy\" decoding=\"async\" class=\"alignnone size-full wp-image-3137\" src=\"https:\/\/ecmicrophones.com\/wp-content\/uploads\/2024\/05\/appearance-size_ecm-dm1910k150.png\" alt=\"Tamanho da apar\u00eancia\" width=\"365\" height=\"350\" srcset=\"https:\/\/ecmicrophones.com\/wp-content\/uploads\/2024\/05\/appearance-size_ecm-dm1910k150.png 365w, https:\/\/ecmicrophones.com\/wp-content\/uploads\/2024\/05\/appearance-size_ecm-dm1910k150-300x288.png 300w, https:\/\/ecmicrophones.com\/wp-content\/uploads\/2024\/05\/appearance-size_ecm-dm1910k150-13x12.png 13w\" sizes=\"auto, (max-width: 365px) 100vw, 365px\" \/><\/p>\n<p><strong>Dimens\u00f5es:<\/strong> Di\u00e2metro: 19,1 mm; Altura: 10 mm.<\/p>","protected":false},"excerpt":{"rendered":"<p>Otimizada para microfones boom, essa c\u00e1psula de microfone din\u00e2mico unidirecional de 19 mm proporciona capta\u00e7\u00e3o vocal clara e natural com uma resposta de frequ\u00eancia de 100 Hz a 10 kHz e imped\u00e2ncia de 600 \u03a9 - ideal para aplica\u00e7\u00f5es de transmiss\u00e3o, comunica\u00e7\u00e3o e viva-voz.<\/p>","protected":false},"featured_media":2420,"comment_status":"open","ping_status":"closed","template":"","meta":[],"product_brand":[721],"product_cat":[17],"product_tag":[310,116],"class_list":{"0":"post-722","1":"product","2":"type-product","3":"status-publish","4":"has-post-thumbnail","6":"product_brand-ecmic","7":"product_cat-dynamic-microphones","8":"product_tag-19mm","9":"product_tag-vocal","11":"first","12":"instock","13":"shipping-taxable","14":"purchasable","15":"product-type-simple"},"_links":{"self":[{"href":"https:\/\/ecmicrophones.com\/pt\/wp-json\/wp\/v2\/product\/722","targetHints":{"allow":["GET"]}}],"collection":[{"href":"https:\/\/ecmicrophones.com\/pt\/wp-json\/wp\/v2\/product"}],"about":[{"href":"https:\/\/ecmicrophones.com\/pt\/wp-json\/wp\/v2\/types\/product"}],"replies":[{"embeddable":true,"href":"https:\/\/ecmicrophones.com\/pt\/wp-json\/wp\/v2\/comments?post=722"}],"wp:featuredmedia":[{"embeddable":true,"href":"https:\/\/ecmicrophones.com\/pt\/wp-json\/wp\/v2\/media\/2420"}],"wp:attachment":[{"href":"https:\/\/ecmicrophones.com\/pt\/wp-json\/wp\/v2\/media?parent=722"}],"wp:term":[{"taxonomy":"product_brand","embeddable":true,"href":"https:\/\/ecmicrophones.com\/pt\/wp-json\/wp\/v2\/product_brand?post=722"},{"taxonomy":"product_cat","embeddable":true,"href":"https:\/\/ecmicrophones.com\/pt\/wp-json\/wp\/v2\/product_cat?post=722"},{"taxonomy":"product_tag","embeddable":true,"href":"https:\/\/ecmicrophones.com\/pt\/wp-json\/wp\/v2\/product_tag?post=722"}],"curies":[{"name":"wp","href":"https:\/\/api.w.org\/{rel}","templated":true}]}}