{"id":734,"date":"2024-05-23T14:45:38","date_gmt":"2024-05-23T06:45:38","guid":{"rendered":"https:\/\/ecmicrophones.com\/?post_type=product&#038;p=734"},"modified":"2026-03-19T15:31:35","modified_gmt":"2026-03-19T07:31:35","slug":"dirt-bike-helmet-microphone-capsule","status":"publish","type":"product","link":"https:\/\/ecmicrophones.com\/pt\/dirt-bike-helmet-microphone-capsule\/","title":{"rendered":"C\u00e1psula de microfone para capacete de bicicleta suja"},"content":{"rendered":"<h2 class=\"text-start\">Especifica\u00e7\u00f5es t\u00e9cnicas<\/h2>\n<p class=\"text-start\">Nossa cabe\u00e7a de microfone unidirecional de capacete 6027 fabricada profissionalmente protege efetivamente contra interfer\u00eancia de RF. Ela apresenta um RF JFET coreano, garantindo qualidade est\u00e1vel e confi\u00e1vel.<\/p>\n<h3 class=\"pt-5 text-start\">Circuito de teste padr\u00e3o<\/h3>\n<p> <img loading=\"lazy\" decoding=\"async\" class=\"alignnone size-full wp-image-736\" src=\"https:\/\/ecmicrophones.com\/wp-content\/uploads\/2024\/05\/standard-test-circuit_ecm-b6027ul-50.png\" alt=\"Circuito de teste padr\u00e3o\" width=\"581\" height=\"249\" srcset=\"https:\/\/ecmicrophones.com\/wp-content\/uploads\/2024\/05\/standard-test-circuit_ecm-b6027ul-50.png 581w, https:\/\/ecmicrophones.com\/wp-content\/uploads\/2024\/05\/standard-test-circuit_ecm-b6027ul-50-300x129.png 300w, https:\/\/ecmicrophones.com\/wp-content\/uploads\/2024\/05\/standard-test-circuit_ecm-b6027ul-50-18x8.png 18w\" sizes=\"auto, (max-width: 581px) 100vw, 581px\" \/> <\/p>\n<p>Condi\u00e7\u00f5es de teste: RL = 680\u03a9, Vs = 1,5V, C = 1\u03bcF<\/p>\n<h3 class=\"pt-5 text-start\">Resposta de frequ\u00eancia t\u00edpica<\/h3>\n<p> <img loading=\"lazy\" decoding=\"async\" class=\"alignnone size-full wp-image-737\" src=\"https:\/\/ecmicrophones.com\/wp-content\/uploads\/2024\/05\/typical-frequency-response_ecm-b6027ul-50.png\" alt=\"Resposta de frequ\u00eancia t\u00edpica\" width=\"634\" height=\"298\" srcset=\"https:\/\/ecmicrophones.com\/wp-content\/uploads\/2024\/05\/typical-frequency-response_ecm-b6027ul-50.png 634w, https:\/\/ecmicrophones.com\/wp-content\/uploads\/2024\/05\/typical-frequency-response_ecm-b6027ul-50-300x141.png 300w, https:\/\/ecmicrophones.com\/wp-content\/uploads\/2024\/05\/typical-frequency-response_ecm-b6027ul-50-18x8.png 18w, https:\/\/ecmicrophones.com\/wp-content\/uploads\/2024\/05\/typical-frequency-response_ecm-b6027ul-50-600x282.png 600w\" sizes=\"auto, (max-width: 634px) 100vw, 634px\" \/> <\/p>\n<p>A resposta de frequ\u00eancia vai de 100 Hz a 16 kHz, apresentando uma tend\u00eancia ascendente consistente que aumenta a clareza em todo o espectro.<\/p>\n<h3 class=\"pt-5 text-start\">Dimens\u00f5es (UNIDADE: mm)<\/h3>\n<p> <img loading=\"lazy\" decoding=\"async\" class=\"alignnone size-full wp-image-735\" src=\"https:\/\/ecmicrophones.com\/wp-content\/uploads\/2024\/05\/appearance-dimension_ecm-b6027ul-50.png\" alt=\"Dimens\u00e3o da apar\u00eancia\" width=\"785\" height=\"253\" srcset=\"https:\/\/ecmicrophones.com\/wp-content\/uploads\/2024\/05\/appearance-dimension_ecm-b6027ul-50.png 785w, https:\/\/ecmicrophones.com\/wp-content\/uploads\/2024\/05\/appearance-dimension_ecm-b6027ul-50-300x97.png 300w, https:\/\/ecmicrophones.com\/wp-content\/uploads\/2024\/05\/appearance-dimension_ecm-b6027ul-50-768x248.png 768w, https:\/\/ecmicrophones.com\/wp-content\/uploads\/2024\/05\/appearance-dimension_ecm-b6027ul-50-18x6.png 18w, https:\/\/ecmicrophones.com\/wp-content\/uploads\/2024\/05\/appearance-dimension_ecm-b6027ul-50-600x193.png 600w\" sizes=\"auto, (max-width: 785px) 100vw, 785px\" \/> <\/p>\n<p>A c\u00e1psula mede 6 mm de di\u00e2metro e 2,7 mm de altura. A parte frontal \u00e9 protegida por uma malha \u00e0 prova de poeira, enquanto a parte traseira inclui uma porta ac\u00fastica para capta\u00e7\u00e3o de som.<\/p>","protected":false},"excerpt":{"rendered":"<p>O ECM-B6027UL-50 \u00e9 uma c\u00e1psula de microfone unidirecional de 6 \u00d7 2,7 mm projetada principalmente para aplica\u00e7\u00f5es em capacetes de ciclismo. Com uma sensibilidade de -50dB\u00b12 e uma rela\u00e7\u00e3o sinal-ru\u00eddo de 60dB, ele garante captura de som n\u00edtida mesmo em ambientes externos.<\/p>","protected":false},"featured_media":2666,"comment_status":"open","ping_status":"closed","template":"","meta":[],"product_brand":[721],"product_cat":[21,16],"product_tag":[283,229,288],"class_list":{"0":"post-734","1":"product","2":"type-product","3":"status-publish","4":"has-post-thumbnail","6":"product_brand-ecmic","7":"product_cat-unidirectional-microphones","8":"product_cat-electret-microphones","9":"product_tag-6mm","10":"product_tag-equipment","11":"product_tag-solder-pads","13":"first","14":"instock","15":"shipping-taxable","16":"purchasable","17":"product-type-simple"},"_links":{"self":[{"href":"https:\/\/ecmicrophones.com\/pt\/wp-json\/wp\/v2\/product\/734","targetHints":{"allow":["GET"]}}],"collection":[{"href":"https:\/\/ecmicrophones.com\/pt\/wp-json\/wp\/v2\/product"}],"about":[{"href":"https:\/\/ecmicrophones.com\/pt\/wp-json\/wp\/v2\/types\/product"}],"replies":[{"embeddable":true,"href":"https:\/\/ecmicrophones.com\/pt\/wp-json\/wp\/v2\/comments?post=734"}],"wp:featuredmedia":[{"embeddable":true,"href":"https:\/\/ecmicrophones.com\/pt\/wp-json\/wp\/v2\/media\/2666"}],"wp:attachment":[{"href":"https:\/\/ecmicrophones.com\/pt\/wp-json\/wp\/v2\/media?parent=734"}],"wp:term":[{"taxonomy":"product_brand","embeddable":true,"href":"https:\/\/ecmicrophones.com\/pt\/wp-json\/wp\/v2\/product_brand?post=734"},{"taxonomy":"product_cat","embeddable":true,"href":"https:\/\/ecmicrophones.com\/pt\/wp-json\/wp\/v2\/product_cat?post=734"},{"taxonomy":"product_tag","embeddable":true,"href":"https:\/\/ecmicrophones.com\/pt\/wp-json\/wp\/v2\/product_tag?post=734"}],"curies":[{"name":"wp","href":"https:\/\/api.w.org\/{rel}","templated":true}]}}