{"id":754,"date":"2024-05-23T17:04:29","date_gmt":"2024-05-23T09:04:29","guid":{"rendered":"https:\/\/ecmicrophones.com\/?post_type=product&#038;p=754"},"modified":"2026-03-19T15:31:02","modified_gmt":"2026-03-19T07:31:02","slug":"6mm-electret-microphone-capsule-with-pins-for-uhf-wireless-microphones","status":"publish","type":"product","link":"https:\/\/ecmicrophones.com\/pt\/6mm-electret-microphone-capsule-with-pins-for-uhf-wireless-microphones\/","title":{"rendered":"C\u00e1psula de microfone de eletreto de 6 mm com pinos para microfones sem fio UHF"},"content":{"rendered":"<h2 class=\"text-start\">Especifica\u00e7\u00f5es t\u00e9cnicas<\/h2>\n<p class=\"text-start\">Nosso n\u00facleo de microfone omnidirecional plug-in 6027 possui capacitores duplos para recursos anti-interfer\u00eancia eficazes.<\/p>\n<h3 class=\"pt-5 text-start\">Circuito de teste padr\u00e3o<\/h3>\n<p><img loading=\"lazy\" decoding=\"async\" class=\"alignnone size-full wp-image-758\" src=\"https:\/\/ecmicrophones.com\/wp-content\/uploads\/2024\/05\/standard-test-circuit_ecm-f6027ap2.8-sbc.png\" alt=\"Circuito de teste padr\u00e3o\" width=\"539\" height=\"234\" srcset=\"https:\/\/ecmicrophones.com\/wp-content\/uploads\/2024\/05\/standard-test-circuit_ecm-f6027ap2.8-sbc.png 539w, https:\/\/ecmicrophones.com\/wp-content\/uploads\/2024\/05\/standard-test-circuit_ecm-f6027ap2.8-sbc-300x130.png 300w, https:\/\/ecmicrophones.com\/wp-content\/uploads\/2024\/05\/standard-test-circuit_ecm-f6027ap2.8-sbc-18x8.png 18w\" sizes=\"auto, (max-width: 539px) 100vw, 539px\" \/><\/p>\n<p>Condi\u00e7\u00f5es de teste: Resistor de carga (RL) = 2,2k\u03a9, tens\u00e3o de alimenta\u00e7\u00e3o (VS) = 3V, capacitor de acoplamento (C) = 1\u03bcF.<\/p>\n<h3 class=\"pt-5 text-start\">Resposta de frequ\u00eancia t\u00edpica<\/h3>\n<p><img loading=\"lazy\" decoding=\"async\" class=\"alignnone size-full wp-image-759\" src=\"https:\/\/ecmicrophones.com\/wp-content\/uploads\/2024\/05\/typical-frequency-response_ecm-f6027ap2.8-sbc.png\" alt=\"Resposta de frequ\u00eancia t\u00edpica\" width=\"628\" height=\"214\" srcset=\"https:\/\/ecmicrophones.com\/wp-content\/uploads\/2024\/05\/typical-frequency-response_ecm-f6027ap2.8-sbc.png 628w, https:\/\/ecmicrophones.com\/wp-content\/uploads\/2024\/05\/typical-frequency-response_ecm-f6027ap2.8-sbc-300x102.png 300w, https:\/\/ecmicrophones.com\/wp-content\/uploads\/2024\/05\/typical-frequency-response_ecm-f6027ap2.8-sbc-18x6.png 18w, https:\/\/ecmicrophones.com\/wp-content\/uploads\/2024\/05\/typical-frequency-response_ecm-f6027ap2.8-sbc-600x204.png 600w\" sizes=\"auto, (max-width: 628px) 100vw, 628px\" \/><\/p>\n<p>A resposta de frequ\u00eancia vai de 50 Hz a 16 kHz. A curva permanece plana at\u00e9 cerca de 4kHz e, em seguida, aumenta gradualmente at\u00e9 10kHz, onde come\u00e7a a diminuir.<\/p>\n<h3 class=\"pt-5 text-start\">Dimens\u00f5es (UNIDADE: mm)<\/h3>\n<p><img loading=\"lazy\" decoding=\"async\" class=\"alignnone size-full wp-image-757\" src=\"https:\/\/ecmicrophones.com\/wp-content\/uploads\/2024\/05\/appearance-dimension_ecm-f6027ap2.8-sbc.png\" alt=\"Dimens\u00e3o da apar\u00eancia\" width=\"638\" height=\"549\" srcset=\"https:\/\/ecmicrophones.com\/wp-content\/uploads\/2024\/05\/appearance-dimension_ecm-f6027ap2.8-sbc.png 638w, https:\/\/ecmicrophones.com\/wp-content\/uploads\/2024\/05\/appearance-dimension_ecm-f6027ap2.8-sbc-300x258.png 300w, https:\/\/ecmicrophones.com\/wp-content\/uploads\/2024\/05\/appearance-dimension_ecm-f6027ap2.8-sbc-14x12.png 14w, https:\/\/ecmicrophones.com\/wp-content\/uploads\/2024\/05\/appearance-dimension_ecm-f6027ap2.8-sbc-600x516.png 600w\" sizes=\"auto, (max-width: 638px) 100vw, 638px\" \/><\/p>\n<p>Di\u00e2metro: 6,0 mm; Altura: 2,7 mm. A parte frontal \u00e9 coberta por uma malha \u00e0 prova de poeira; a parte traseira \u00e9 vedada, sem porta de som. Equipado com terminais de pinos de 2,8 mm para conex\u00e3o segura \u00e0 PCB, com espa\u00e7amento de 1,9 mm.<\/p>","protected":false},"excerpt":{"rendered":"<p>O ECM-F6027AP2.8-SBC \u00e9 uma c\u00e1psula de microfone eletreto omnidirecional de 6 x 2,7 mm com 2 pinos, sensibilidade de -40 dB\u00b12 e SNR de 60 dB, projetada para aplica\u00e7\u00f5es de microfone de lapela sem fio.<\/p>","protected":false},"featured_media":2793,"comment_status":"open","ping_status":"closed","template":"","meta":[],"product_brand":[721],"product_cat":[20,16],"product_tag":[283,235,291],"class_list":{"0":"post-754","1":"product","2":"type-product","3":"status-publish","4":"has-post-thumbnail","6":"product_brand-ecmic","7":"product_cat-omnidirectional-microphones","8":"product_cat-electret-microphones","9":"product_tag-6mm","10":"product_tag-conference","11":"product_tag-pin-type","13":"first","14":"instock","15":"shipping-taxable","16":"purchasable","17":"product-type-simple"},"_links":{"self":[{"href":"https:\/\/ecmicrophones.com\/pt\/wp-json\/wp\/v2\/product\/754","targetHints":{"allow":["GET"]}}],"collection":[{"href":"https:\/\/ecmicrophones.com\/pt\/wp-json\/wp\/v2\/product"}],"about":[{"href":"https:\/\/ecmicrophones.com\/pt\/wp-json\/wp\/v2\/types\/product"}],"replies":[{"embeddable":true,"href":"https:\/\/ecmicrophones.com\/pt\/wp-json\/wp\/v2\/comments?post=754"}],"wp:featuredmedia":[{"embeddable":true,"href":"https:\/\/ecmicrophones.com\/pt\/wp-json\/wp\/v2\/media\/2793"}],"wp:attachment":[{"href":"https:\/\/ecmicrophones.com\/pt\/wp-json\/wp\/v2\/media?parent=754"}],"wp:term":[{"taxonomy":"product_brand","embeddable":true,"href":"https:\/\/ecmicrophones.com\/pt\/wp-json\/wp\/v2\/product_brand?post=754"},{"taxonomy":"product_cat","embeddable":true,"href":"https:\/\/ecmicrophones.com\/pt\/wp-json\/wp\/v2\/product_cat?post=754"},{"taxonomy":"product_tag","embeddable":true,"href":"https:\/\/ecmicrophones.com\/pt\/wp-json\/wp\/v2\/product_tag?post=754"}],"curies":[{"name":"wp","href":"https:\/\/api.w.org\/{rel}","templated":true}]}}