{"id":760,"date":"2024-05-23T17:23:45","date_gmt":"2024-05-23T09:23:45","guid":{"rendered":"https:\/\/ecmicrophones.com\/?post_type=product&#038;p=760"},"modified":"2026-03-19T15:30:51","modified_gmt":"2026-03-19T07:30:51","slug":"6mm-electret-microphone-element-with-leads-for-cctv-camera","status":"publish","type":"product","link":"https:\/\/ecmicrophones.com\/pt\/6mm-electret-microphone-element-with-leads-for-cctv-camera\/","title":{"rendered":"Elemento de microfone de eletreto de 6 mm com cabos para c\u00e2mera CCTV"},"content":{"rendered":"<h2 class=\"text-start\">Especifica\u00e7\u00f5es t\u00e9cnicas<\/h2>\n<p class=\"text-start\">Nossa c\u00e1psula de microfone 6050, com terminais soldados de 1,25 e comprimento de fio de 40 mm, oferece direcionalidade total, tornando-a ideal para aplica\u00e7\u00f5es de microfone de alta qualidade.<\/p>\n<h3 class=\"pt-5 text-start\">Circuito de teste padr\u00e3o<\/h3>\n<p><img loading=\"lazy\" decoding=\"async\" class=\"alignnone size-full wp-image-773\" src=\"https:\/\/ecmicrophones.com\/wp-content\/uploads\/2024\/05\/standard-test-circuit_ecm-f6050al40-l45d.png\" alt=\"Circuito de teste padr\u00e3o\" width=\"814\" height=\"339\" srcset=\"https:\/\/ecmicrophones.com\/wp-content\/uploads\/2024\/05\/standard-test-circuit_ecm-f6050al40-l45d.png 814w, https:\/\/ecmicrophones.com\/wp-content\/uploads\/2024\/05\/standard-test-circuit_ecm-f6050al40-l45d-300x125.png 300w, https:\/\/ecmicrophones.com\/wp-content\/uploads\/2024\/05\/standard-test-circuit_ecm-f6050al40-l45d-768x320.png 768w, https:\/\/ecmicrophones.com\/wp-content\/uploads\/2024\/05\/standard-test-circuit_ecm-f6050al40-l45d-18x7.png 18w, https:\/\/ecmicrophones.com\/wp-content\/uploads\/2024\/05\/standard-test-circuit_ecm-f6050al40-l45d-600x250.png 600w\" sizes=\"auto, (max-width: 814px) 100vw, 814px\" \/><\/p>\n<p>Condi\u00e7\u00f5es de teste: Resistor de carga (RL) = 2,2k\u03a9, tens\u00e3o de alimenta\u00e7\u00e3o (VS) = 3V, capacitor de acoplamento (C) = 1\u03bcF.<\/p>\n<h3 class=\"pt-5 text-start\">Resposta de frequ\u00eancia t\u00edpica<\/h3>\n<p><img loading=\"lazy\" decoding=\"async\" class=\"alignnone size-full wp-image-774\" src=\"https:\/\/ecmicrophones.com\/wp-content\/uploads\/2024\/05\/typical-frequency-response_ecm-f6050al40-l45d.png\" alt=\"Resposta de frequ\u00eancia t\u00edpica\" width=\"847\" height=\"611\" srcset=\"https:\/\/ecmicrophones.com\/wp-content\/uploads\/2024\/05\/typical-frequency-response_ecm-f6050al40-l45d.png 847w, https:\/\/ecmicrophones.com\/wp-content\/uploads\/2024\/05\/typical-frequency-response_ecm-f6050al40-l45d-300x216.png 300w, https:\/\/ecmicrophones.com\/wp-content\/uploads\/2024\/05\/typical-frequency-response_ecm-f6050al40-l45d-768x554.png 768w, https:\/\/ecmicrophones.com\/wp-content\/uploads\/2024\/05\/typical-frequency-response_ecm-f6050al40-l45d-18x12.png 18w, https:\/\/ecmicrophones.com\/wp-content\/uploads\/2024\/05\/typical-frequency-response_ecm-f6050al40-l45d-600x433.png 600w\" sizes=\"auto, (max-width: 847px) 100vw, 847px\" \/><\/p>\n<p>A resposta de frequ\u00eancia vai de 50 Hz a 20 kHz. A curva permanece praticamente plana de 50 Hz at\u00e9 cerca de 3 kHz, onde come\u00e7a um aumento percept\u00edvel, com pico pr\u00f3ximo a 10 kHz antes de diminuir gradualmente.<\/p>\n<h3 class=\"pt-5 text-start\">Dimens\u00f5es (UNIDADE: mm)<\/h3>\n<p><img loading=\"lazy\" decoding=\"async\" class=\"alignnone size-full wp-image-772\" src=\"https:\/\/ecmicrophones.com\/wp-content\/uploads\/2024\/05\/appearance-dimension_ecm-f6050al40-l45d.png\" alt=\"Dimens\u00e3o da apar\u00eancia\" width=\"788\" height=\"506\" srcset=\"https:\/\/ecmicrophones.com\/wp-content\/uploads\/2024\/05\/appearance-dimension_ecm-f6050al40-l45d.png 788w, https:\/\/ecmicrophones.com\/wp-content\/uploads\/2024\/05\/appearance-dimension_ecm-f6050al40-l45d-300x193.png 300w, https:\/\/ecmicrophones.com\/wp-content\/uploads\/2024\/05\/appearance-dimension_ecm-f6050al40-l45d-768x493.png 768w, https:\/\/ecmicrophones.com\/wp-content\/uploads\/2024\/05\/appearance-dimension_ecm-f6050al40-l45d-18x12.png 18w, https:\/\/ecmicrophones.com\/wp-content\/uploads\/2024\/05\/appearance-dimension_ecm-f6050al40-l45d-600x385.png 600w\" sizes=\"auto, (max-width: 788px) 100vw, 788px\" \/><\/p>\n<p>Di\u00e2metro: 6 mm; Altura: 5 mm. A parte frontal apresenta uma malha \u00e0 prova de poeira e a parte traseira \u00e9 vedada sem furos. Equipado com cabos soldados de par tran\u00e7ado de 45 mm.<\/p>","protected":false},"excerpt":{"rendered":"<p>O ECM-F6050AL40-L45D \u00e9 uma c\u00e1psula de microfone eletreto omnidirecional de 6 x 5 mm com conector de fio de 45 mm, sensibilidade de -40 dB\u00b12 e SNR de 60 dB, ideal para c\u00e2meras de vigil\u00e2ncia em rede.<\/p>","protected":false},"featured_media":2782,"comment_status":"open","ping_status":"closed","template":"","meta":[],"product_brand":[721],"product_cat":[20,16],"product_tag":[283,230,289],"class_list":{"0":"post-760","1":"product","2":"type-product","3":"status-publish","4":"has-post-thumbnail","6":"product_brand-ecmic","7":"product_cat-omnidirectional-microphones","8":"product_cat-electret-microphones","9":"product_tag-6mm","10":"product_tag-security","11":"product_tag-wire-connector","13":"first","14":"instock","15":"shipping-taxable","16":"purchasable","17":"product-type-simple"},"_links":{"self":[{"href":"https:\/\/ecmicrophones.com\/pt\/wp-json\/wp\/v2\/product\/760","targetHints":{"allow":["GET"]}}],"collection":[{"href":"https:\/\/ecmicrophones.com\/pt\/wp-json\/wp\/v2\/product"}],"about":[{"href":"https:\/\/ecmicrophones.com\/pt\/wp-json\/wp\/v2\/types\/product"}],"replies":[{"embeddable":true,"href":"https:\/\/ecmicrophones.com\/pt\/wp-json\/wp\/v2\/comments?post=760"}],"wp:featuredmedia":[{"embeddable":true,"href":"https:\/\/ecmicrophones.com\/pt\/wp-json\/wp\/v2\/media\/2782"}],"wp:attachment":[{"href":"https:\/\/ecmicrophones.com\/pt\/wp-json\/wp\/v2\/media?parent=760"}],"wp:term":[{"taxonomy":"product_brand","embeddable":true,"href":"https:\/\/ecmicrophones.com\/pt\/wp-json\/wp\/v2\/product_brand?post=760"},{"taxonomy":"product_cat","embeddable":true,"href":"https:\/\/ecmicrophones.com\/pt\/wp-json\/wp\/v2\/product_cat?post=760"},{"taxonomy":"product_tag","embeddable":true,"href":"https:\/\/ecmicrophones.com\/pt\/wp-json\/wp\/v2\/product_tag?post=760"}],"curies":[{"name":"wp","href":"https:\/\/api.w.org\/{rel}","templated":true}]}}