{"id":776,"date":"2024-05-24T09:45:54","date_gmt":"2024-05-24T01:45:54","guid":{"rendered":"https:\/\/ecmicrophones.com\/?post_type=product&#038;p=776"},"modified":"2026-03-19T15:30:30","modified_gmt":"2026-03-19T07:30:30","slug":"bluetooth-helmet-microphone-capsule-6mm","status":"publish","type":"product","link":"https:\/\/ecmicrophones.com\/pt\/bluetooth-helmet-microphone-capsule-6mm\/","title":{"rendered":"C\u00e1psula de microfone para capacete Bluetooth 6 mm"},"content":{"rendered":"<h2 class=\"text-start\">Especifica\u00e7\u00f5es t\u00e9cnicas<\/h2>\n<p class=\"text-start\">Nosso n\u00facleo de microfone com cancelamento de ru\u00eddo unidirecional 6027 adota t\u00e9cnicas de produ\u00e7\u00e3o avan\u00e7adas, garantindo transmiss\u00e3o de voz de alta qualidade com ru\u00eddo de fundo reduzido para uma comunica\u00e7\u00e3o clara e precisa.<\/p>\n<h3 class=\"pt-5 text-start\">Circuito de teste padr\u00e3o<\/h3>\n<p><img loading=\"lazy\" decoding=\"async\" class=\"alignnone size-full wp-image-778\" src=\"https:\/\/ecmicrophones.com\/wp-content\/uploads\/2024\/05\/standard-test-circuit_ecm-b6027ul50-23702.jpg\" alt=\"Circuito de teste ECM-B6027UL50: polariza\u00e7\u00e3o de 2,2k\u03a9, alimenta\u00e7\u00e3o de 2V, sa\u00edda de 1\u03bcF\" width=\"595\" height=\"228\" srcset=\"https:\/\/ecmicrophones.com\/wp-content\/uploads\/2024\/05\/standard-test-circuit_ecm-b6027ul50-23702.jpg 595w, https:\/\/ecmicrophones.com\/wp-content\/uploads\/2024\/05\/standard-test-circuit_ecm-b6027ul50-23702-300x115.jpg 300w, https:\/\/ecmicrophones.com\/wp-content\/uploads\/2024\/05\/standard-test-circuit_ecm-b6027ul50-23702-18x7.jpg 18w\" sizes=\"auto, (max-width: 595px) 100vw, 595px\" \/><\/p>\n<p>Resistor de polariza\u00e7\u00e3o de 2,2k\u03a9, alimenta\u00e7\u00e3o de 2V CC, capacitor de sa\u00edda de 1\u03bcF. Projetado para maior clareza vocal.<\/p>\n<h3 class=\"pt-5 text-start\">Resposta de frequ\u00eancia t\u00edpica<\/h3>\n<p><img loading=\"lazy\" decoding=\"async\" class=\"alignnone size-full wp-image-779\" src=\"https:\/\/ecmicrophones.com\/wp-content\/uploads\/2024\/05\/typical-frequency-response_ecm-b6027ul50-23702.jpg\" alt=\"Resposta de frequ\u00eancia ECM-B6027UL50: Aumento de 50Hz-10kHz, atenua\u00e7\u00e3o acentuada seguida de eleva\u00e7\u00e3o de 16kHz-20kHz\" width=\"591\" height=\"374\" srcset=\"https:\/\/ecmicrophones.com\/wp-content\/uploads\/2024\/05\/typical-frequency-response_ecm-b6027ul50-23702.jpg 591w, https:\/\/ecmicrophones.com\/wp-content\/uploads\/2024\/05\/typical-frequency-response_ecm-b6027ul50-23702-300x190.jpg 300w, https:\/\/ecmicrophones.com\/wp-content\/uploads\/2024\/05\/typical-frequency-response_ecm-b6027ul50-23702-18x12.jpg 18w\" sizes=\"auto, (max-width: 591px) 100vw, 591px\" \/><\/p>\n<p>Aumento gradual de 50Hz-10kHz, atenua\u00e7\u00e3o r\u00e1pida e, em seguida, eleva\u00e7\u00e3o de alta frequ\u00eancia de 16kHz-20kHz.<\/p>\n<h3 class=\"pt-5 text-start\">Dimens\u00f5es (unidade: mm)<\/h3>\n<p><img loading=\"lazy\" decoding=\"async\" class=\"alignnone size-full wp-image-777\" src=\"https:\/\/ecmicrophones.com\/wp-content\/uploads\/2024\/05\/appearance-dimension_ecm-b6027ul50-23702.jpg\" alt=\"ECM-B6027UL50 Dimens\u00f5es: \u03a66\u00d72,7 mm com malha frontal contra poeira e porta ac\u00fastica traseira\" width=\"542\" height=\"404\" srcset=\"https:\/\/ecmicrophones.com\/wp-content\/uploads\/2024\/05\/appearance-dimension_ecm-b6027ul50-23702.jpg 542w, https:\/\/ecmicrophones.com\/wp-content\/uploads\/2024\/05\/appearance-dimension_ecm-b6027ul50-23702-300x224.jpg 300w, https:\/\/ecmicrophones.com\/wp-content\/uploads\/2024\/05\/appearance-dimension_ecm-b6027ul50-23702-16x12.jpg 16w\" sizes=\"auto, (max-width: 542px) 100vw, 542px\" \/><\/p>\n<p>Design compacto de \u03a66\u00d72,7 mm com malha frontal contra poeira e porta ac\u00fastica traseira.<\/p>","protected":false},"excerpt":{"rendered":"<p>O ECM-B6027UL50-23702 \u00e9 uma c\u00e1psula de microfone unidirecional de 6 \u00d7 2,7 mm, ideal para aplica\u00e7\u00f5es como capacetes de ciclismo. Com uma sensibilidade de -50dB\u00b12 e uma rela\u00e7\u00e3o sinal-ru\u00eddo de 57dB, ele garante captura de som n\u00edtida em ambientes diversos.<\/p>","protected":false},"featured_media":2486,"comment_status":"open","ping_status":"closed","template":"","meta":[],"product_brand":[721],"product_cat":[21,16],"product_tag":[283,229,288],"class_list":{"0":"post-776","1":"product","2":"type-product","3":"status-publish","4":"has-post-thumbnail","6":"product_brand-ecmic","7":"product_cat-unidirectional-microphones","8":"product_cat-electret-microphones","9":"product_tag-6mm","10":"product_tag-equipment","11":"product_tag-solder-pads","13":"first","14":"instock","15":"shipping-taxable","16":"purchasable","17":"product-type-simple"},"_links":{"self":[{"href":"https:\/\/ecmicrophones.com\/pt\/wp-json\/wp\/v2\/product\/776","targetHints":{"allow":["GET"]}}],"collection":[{"href":"https:\/\/ecmicrophones.com\/pt\/wp-json\/wp\/v2\/product"}],"about":[{"href":"https:\/\/ecmicrophones.com\/pt\/wp-json\/wp\/v2\/types\/product"}],"replies":[{"embeddable":true,"href":"https:\/\/ecmicrophones.com\/pt\/wp-json\/wp\/v2\/comments?post=776"}],"wp:featuredmedia":[{"embeddable":true,"href":"https:\/\/ecmicrophones.com\/pt\/wp-json\/wp\/v2\/media\/2486"}],"wp:attachment":[{"href":"https:\/\/ecmicrophones.com\/pt\/wp-json\/wp\/v2\/media?parent=776"}],"wp:term":[{"taxonomy":"product_brand","embeddable":true,"href":"https:\/\/ecmicrophones.com\/pt\/wp-json\/wp\/v2\/product_brand?post=776"},{"taxonomy":"product_cat","embeddable":true,"href":"https:\/\/ecmicrophones.com\/pt\/wp-json\/wp\/v2\/product_cat?post=776"},{"taxonomy":"product_tag","embeddable":true,"href":"https:\/\/ecmicrophones.com\/pt\/wp-json\/wp\/v2\/product_tag?post=776"}],"curies":[{"name":"wp","href":"https:\/\/api.w.org\/{rel}","templated":true}]}}