{"id":788,"date":"2024-05-24T10:18:38","date_gmt":"2024-05-24T02:18:38","guid":{"rendered":"https:\/\/ecmicrophones.com\/?post_type=product&#038;p=788"},"modified":"2026-03-19T15:30:10","modified_gmt":"2026-03-19T07:30:10","slug":"live-broadcast-microphone-capsule-25mm","status":"publish","type":"product","link":"https:\/\/ecmicrophones.com\/pt\/live-broadcast-microphone-capsule-25mm\/","title":{"rendered":"C\u00e1psula de microfone de transmiss\u00e3o ao vivo 25mm"},"content":{"rendered":"<h2 class=\"text-start\">Especifica\u00e7\u00f5es t\u00e9cnicas<\/h2>\n<p class=\"text-start\">Nosso cabe\u00e7ote de microfone condensador eletreto unidirecional de diafragma grande 2573 apresenta uma alta rela\u00e7\u00e3o sinal-ru\u00eddo e baixo ru\u00eddo. Ele oferece alta fidelidade, forte direcionalidade e excelentes capacidades anti-interfer\u00eancia, garantindo qualidade de \u00e1udio e desempenho superiores.<\/p>\n<h3 class=\"pt-5 text-start\">Circuito de teste padr\u00e3o<\/h3>\n<p><img loading=\"lazy\" decoding=\"async\" class=\"alignnone size-full wp-image-791\" src=\"https:\/\/ecmicrophones.com\/wp-content\/uploads\/2024\/05\/standard-test-circuit_ecm-b2573ul33-23221.png\" alt=\"Circuito de teste padr\u00e3o\" width=\"411\" height=\"183\" srcset=\"https:\/\/ecmicrophones.com\/wp-content\/uploads\/2024\/05\/standard-test-circuit_ecm-b2573ul33-23221.png 411w, https:\/\/ecmicrophones.com\/wp-content\/uploads\/2024\/05\/standard-test-circuit_ecm-b2573ul33-23221-300x134.png 300w, https:\/\/ecmicrophones.com\/wp-content\/uploads\/2024\/05\/standard-test-circuit_ecm-b2573ul33-23221-18x8.png 18w\" sizes=\"auto, (max-width: 411px) 100vw, 411px\" \/><\/p>\n<p>Configura\u00e7\u00e3o de teste padr\u00e3o com um resistor de polariza\u00e7\u00e3o de 2,2k\u03a9, alimenta\u00e7\u00e3o de 2V CC e capacitor de sa\u00edda de 1\u03bcF.<\/p>\n<h3 class=\"pt-5 text-start\">Resposta de frequ\u00eancia t\u00edpica<\/h3>\n<p><img loading=\"lazy\" decoding=\"async\" class=\"alignnone wp-image-793 size-large\" src=\"https:\/\/ecmicrophones.com\/wp-content\/uploads\/2024\/05\/typical-frequency-response_ecm-b2573ul33-23221-1024x460.png\" alt=\"Resposta de frequ\u00eancia t\u00edpica\" width=\"1024\" height=\"460\" srcset=\"https:\/\/ecmicrophones.com\/wp-content\/uploads\/2024\/05\/typical-frequency-response_ecm-b2573ul33-23221-1024x460.png 1024w, https:\/\/ecmicrophones.com\/wp-content\/uploads\/2024\/05\/typical-frequency-response_ecm-b2573ul33-23221-300x135.png 300w, https:\/\/ecmicrophones.com\/wp-content\/uploads\/2024\/05\/typical-frequency-response_ecm-b2573ul33-23221-768x345.png 768w, https:\/\/ecmicrophones.com\/wp-content\/uploads\/2024\/05\/typical-frequency-response_ecm-b2573ul33-23221-1536x689.png 1536w, https:\/\/ecmicrophones.com\/wp-content\/uploads\/2024\/05\/typical-frequency-response_ecm-b2573ul33-23221-18x8.png 18w, https:\/\/ecmicrophones.com\/wp-content\/uploads\/2024\/05\/typical-frequency-response_ecm-b2573ul33-23221-600x269.png 600w, https:\/\/ecmicrophones.com\/wp-content\/uploads\/2024\/05\/typical-frequency-response_ecm-b2573ul33-23221.png 1651w\" sizes=\"auto, (max-width: 1024px) 100vw, 1024px\" \/><\/p>\n<p>A resposta de frequ\u00eancia abrange de 50 Hz a 16 kHz, come\u00e7ando com um leve decl\u00ednio de 50 Hz a 80 Hz, seguido por um pequeno aumento e flutua\u00e7\u00f5es suaves at\u00e9 5 kHz. A resposta atinge o pico perto de 8 kHz antes de diminuir gradualmente.<\/p>\n<h3 class=\"pt-5 text-start\">Dimens\u00f5es (UNIDADE: mm)<\/h3>\n<p><img loading=\"lazy\" decoding=\"async\" class=\"alignnone size-full wp-image-792\" src=\"https:\/\/ecmicrophones.com\/wp-content\/uploads\/2024\/05\/appearance-dimension_ecm-b2573ul33-23221.png\" alt=\"Dimens\u00e3o da apar\u00eancia\" width=\"627\" height=\"380\" srcset=\"https:\/\/ecmicrophones.com\/wp-content\/uploads\/2024\/05\/appearance-dimension_ecm-b2573ul33-23221.png 627w, https:\/\/ecmicrophones.com\/wp-content\/uploads\/2024\/05\/appearance-dimension_ecm-b2573ul33-23221-300x182.png 300w, https:\/\/ecmicrophones.com\/wp-content\/uploads\/2024\/05\/appearance-dimension_ecm-b2573ul33-23221-18x12.png 18w, https:\/\/ecmicrophones.com\/wp-content\/uploads\/2024\/05\/appearance-dimension_ecm-b2573ul33-23221-600x364.png 600w\" sizes=\"auto, (max-width: 627px) 100vw, 627px\" \/><\/p>\n<p>C\u00e1psula compacta de \u03a625 \u00d7 7,3 mm com porta ac\u00fastica traseira para maior capta\u00e7\u00e3o de som.<\/p>","protected":false},"excerpt":{"rendered":"<p>O ECM-B2573UL33-23221 \u00e9 uma c\u00e1psula de microfone unidirecional de 25 \u00d7 7,3 mm usada principalmente em microfones de transmiss\u00e3o, streaming ao vivo e microfones de grava\u00e7\u00e3o profissional. Com uma sensibilidade de -33dB\u00b12 e uma rela\u00e7\u00e3o sinal-ru\u00eddo de 77dB, ele fornece captura de som clara e confi\u00e1vel para aplica\u00e7\u00f5es de \u00e1udio de alta qualidade.<\/p>","protected":false},"featured_media":2644,"comment_status":"open","ping_status":"closed","template":"","meta":[],"product_brand":[721],"product_cat":[21,16],"product_tag":[278,410,288,116],"class_list":{"0":"post-788","1":"product","2":"type-product","3":"status-publish","4":"has-post-thumbnail","6":"product_brand-ecmic","7":"product_cat-unidirectional-microphones","8":"product_cat-electret-microphones","9":"product_tag-25mm","10":"product_tag-high-snr","11":"product_tag-solder-pads","12":"product_tag-vocal","14":"first","15":"instock","16":"shipping-taxable","17":"purchasable","18":"product-type-simple"},"_links":{"self":[{"href":"https:\/\/ecmicrophones.com\/pt\/wp-json\/wp\/v2\/product\/788","targetHints":{"allow":["GET"]}}],"collection":[{"href":"https:\/\/ecmicrophones.com\/pt\/wp-json\/wp\/v2\/product"}],"about":[{"href":"https:\/\/ecmicrophones.com\/pt\/wp-json\/wp\/v2\/types\/product"}],"replies":[{"embeddable":true,"href":"https:\/\/ecmicrophones.com\/pt\/wp-json\/wp\/v2\/comments?post=788"}],"wp:featuredmedia":[{"embeddable":true,"href":"https:\/\/ecmicrophones.com\/pt\/wp-json\/wp\/v2\/media\/2644"}],"wp:attachment":[{"href":"https:\/\/ecmicrophones.com\/pt\/wp-json\/wp\/v2\/media?parent=788"}],"wp:term":[{"taxonomy":"product_brand","embeddable":true,"href":"https:\/\/ecmicrophones.com\/pt\/wp-json\/wp\/v2\/product_brand?post=788"},{"taxonomy":"product_cat","embeddable":true,"href":"https:\/\/ecmicrophones.com\/pt\/wp-json\/wp\/v2\/product_cat?post=788"},{"taxonomy":"product_tag","embeddable":true,"href":"https:\/\/ecmicrophones.com\/pt\/wp-json\/wp\/v2\/product_tag?post=788"}],"curies":[{"name":"wp","href":"https:\/\/api.w.org\/{rel}","templated":true}]}}