{"id":818,"date":"2024-05-24T12:32:16","date_gmt":"2024-05-24T04:32:16","guid":{"rendered":"https:\/\/ecmicrophones.com\/?post_type=product&#038;p=818"},"modified":"2026-03-19T15:29:26","modified_gmt":"2026-03-19T07:29:26","slug":"wireless-interview-microphone-capsule-6mm","status":"publish","type":"product","link":"https:\/\/ecmicrophones.com\/pt\/wireless-interview-microphone-capsule-6mm\/","title":{"rendered":"C\u00e1psula de microfone de eletreto omnidirecional \u00e0 prova d'\u00e1gua de 6 mm com fios"},"content":{"rendered":"<h2 class=\"text-start\">Especifica\u00e7\u00f5es t\u00e9cnicas<\/h2>\n<p class=\"text-start\">O B6027AL30-L100DFS \u00e9 uma c\u00e1psula de microfone de eletreto omnidirecional resistente, \u00e0 prova d'\u00e1gua, de 6 mm, projetada para captura de \u00e1udio em ambientes externos em sistemas incorporados. Com uma sensibilidade de -30 dB e uma rela\u00e7\u00e3o sinal\/ru\u00eddo de 74 dB, ele oferece um desempenho de som claro e consistente em uma faixa de frequ\u00eancia de 20 Hz a 8000 Hz, o que o torna ideal para monitoramento ambiental geral e capta\u00e7\u00e3o de voz em condi\u00e7\u00f5es externas.<\/p>\n<p class=\"text-start\">Projetada para durar, essa c\u00e1psula integra uma prote\u00e7\u00e3o de malha \u00e0 prova d'\u00e1gua para um desempenho confi\u00e1vel em ambientes \u00famidos ou molhados. Os cabos de par tran\u00e7ado com blindagem dupla de 100 mm e terminais pr\u00e9-anexados oferecem forte resist\u00eancia a EMI e integra\u00e7\u00e3o conveniente com montagens de PCB. As aplica\u00e7\u00f5es comuns incluem c\u00e2meras de seguran\u00e7a, postes inteligentes, quiosques externos e outros eletr\u00f4nicos externos habilitados para voz.<\/p>\n<h3 class=\"pt-5 text-start\">Circuito de teste padr\u00e3o<\/h3>\n<p><img loading=\"lazy\" decoding=\"async\" class=\"alignnone size-full wp-image-819\" src=\"https:\/\/ecmicrophones.com\/wp-content\/uploads\/2024\/05\/standard-test-circuit_ecm-b6027al30-l100dfc.png\" alt=\"Circuito de teste padr\u00e3o ECM-B6027AL30-L100DFC: polariza\u00e7\u00e3o de 2,2k\u03a9, alimenta\u00e7\u00e3o de 2V, sa\u00edda de 1\u03bcF\" width=\"562\" height=\"243\" srcset=\"https:\/\/ecmicrophones.com\/wp-content\/uploads\/2024\/05\/standard-test-circuit_ecm-b6027al30-l100dfc.png 562w, https:\/\/ecmicrophones.com\/wp-content\/uploads\/2024\/05\/standard-test-circuit_ecm-b6027al30-l100dfc-300x130.png 300w, https:\/\/ecmicrophones.com\/wp-content\/uploads\/2024\/05\/standard-test-circuit_ecm-b6027al30-l100dfc-18x8.png 18w\" sizes=\"auto, (max-width: 562px) 100vw, 562px\" \/><\/p>\n<p>Testado com um resistor de polariza\u00e7\u00e3o de 2,2k\u03a9, alimenta\u00e7\u00e3o de 2V CC e capacitor de sa\u00edda de 1\u03bcF.<\/p>\n<h3 class=\"pt-5 text-start\">Resposta de frequ\u00eancia t\u00edpica<\/h3>\n<p><img loading=\"lazy\" decoding=\"async\" class=\"alignnone size-full wp-image-821\" src=\"https:\/\/ecmicrophones.com\/wp-content\/uploads\/2024\/05\/typical-frequency-response_ecm-b6027al30-l100dfc.png\" alt=\"Curva de resposta de frequ\u00eancia ECM-B6027AL30-L100DFC\" width=\"552\" height=\"394\" srcset=\"https:\/\/ecmicrophones.com\/wp-content\/uploads\/2024\/05\/typical-frequency-response_ecm-b6027al30-l100dfc.png 552w, https:\/\/ecmicrophones.com\/wp-content\/uploads\/2024\/05\/typical-frequency-response_ecm-b6027al30-l100dfc-300x214.png 300w, https:\/\/ecmicrophones.com\/wp-content\/uploads\/2024\/05\/typical-frequency-response_ecm-b6027al30-l100dfc-18x12.png 18w\" sizes=\"auto, (max-width: 552px) 100vw, 552px\" \/><\/p>\n<p>A resposta \u00e9 suave de 50 Hz a 5 kHz, com um ligeiro aumento seguido de uma redu\u00e7\u00e3o gradual a partir de 8 kHz.<\/p>\n<h3 class=\"pt-5 text-start\">Dimens\u00f5es (UNIDADE: mm)<\/h3>\n<p><img loading=\"lazy\" decoding=\"async\" class=\"alignnone size-full wp-image-3038\" src=\"https:\/\/ecmicrophones.com\/wp-content\/uploads\/2024\/05\/appearance-dimension_ecm-b6027al30-l100dfc.png\" alt=\"Dimens\u00f5es do ECM-B6027AL30-L100DFC: \u03a66\u00d72,7 mm\" width=\"485\" height=\"453\" srcset=\"https:\/\/ecmicrophones.com\/wp-content\/uploads\/2024\/05\/appearance-dimension_ecm-b6027al30-l100dfc.png 485w, https:\/\/ecmicrophones.com\/wp-content\/uploads\/2024\/05\/appearance-dimension_ecm-b6027al30-l100dfc-300x280.png 300w, https:\/\/ecmicrophones.com\/wp-content\/uploads\/2024\/05\/appearance-dimension_ecm-b6027al30-l100dfc-13x12.png 13w\" sizes=\"auto, (max-width: 485px) 100vw, 485px\" \/><\/p>\n<p>C\u00e1psula compacta medindo \u03a66 \u00d7 2,7 mm, com filme frontal \u00e0 prova d'\u00e1gua e parte traseira vedada; a luva de borracha adicional aumenta a resist\u00eancia \u00e0 \u00e1gua e oferece prote\u00e7\u00e3o contra vibra\u00e7\u00f5es.<\/p>","protected":false},"excerpt":{"rendered":"<p>C\u00e1psula robusta de microfone de eletreto omnidirecional \u00e0 prova d'\u00e1gua de 6 mm com fios de par tran\u00e7ado com blindagem dupla e terminais pr\u00e9-soldados. Ideal para captura de \u00e1udio externo em sistemas de seguran\u00e7a, postes inteligentes, quiosques e outros aplicativos incorporados. Veja o <a href=\"https:\/\/ecmicrophones.com\/pt\/security-camera-microphone-capsule-6mm\/\">ECM-B6027AL30RC<\/a> para uma vers\u00e3o sem recursos \u00e0 prova d'\u00e1gua.<\/p>","protected":false},"featured_media":2780,"comment_status":"open","ping_status":"closed","template":"","meta":[],"product_brand":[721],"product_cat":[16,20],"product_tag":[283,235,289],"class_list":{"0":"post-818","1":"product","2":"type-product","3":"status-publish","4":"has-post-thumbnail","6":"product_brand-ecmic","7":"product_cat-electret-microphones","8":"product_cat-omnidirectional-microphones","9":"product_tag-6mm","10":"product_tag-conference","11":"product_tag-wire-connector","13":"first","14":"instock","15":"shipping-taxable","16":"purchasable","17":"product-type-simple"},"_links":{"self":[{"href":"https:\/\/ecmicrophones.com\/pt\/wp-json\/wp\/v2\/product\/818","targetHints":{"allow":["GET"]}}],"collection":[{"href":"https:\/\/ecmicrophones.com\/pt\/wp-json\/wp\/v2\/product"}],"about":[{"href":"https:\/\/ecmicrophones.com\/pt\/wp-json\/wp\/v2\/types\/product"}],"replies":[{"embeddable":true,"href":"https:\/\/ecmicrophones.com\/pt\/wp-json\/wp\/v2\/comments?post=818"}],"wp:featuredmedia":[{"embeddable":true,"href":"https:\/\/ecmicrophones.com\/pt\/wp-json\/wp\/v2\/media\/2780"}],"wp:attachment":[{"href":"https:\/\/ecmicrophones.com\/pt\/wp-json\/wp\/v2\/media?parent=818"}],"wp:term":[{"taxonomy":"product_brand","embeddable":true,"href":"https:\/\/ecmicrophones.com\/pt\/wp-json\/wp\/v2\/product_brand?post=818"},{"taxonomy":"product_cat","embeddable":true,"href":"https:\/\/ecmicrophones.com\/pt\/wp-json\/wp\/v2\/product_cat?post=818"},{"taxonomy":"product_tag","embeddable":true,"href":"https:\/\/ecmicrophones.com\/pt\/wp-json\/wp\/v2\/product_tag?post=818"}],"curies":[{"name":"wp","href":"https:\/\/api.w.org\/{rel}","templated":true}]}}