{"id":84,"date":"2024-03-27T10:54:51","date_gmt":"2024-03-27T10:54:51","guid":{"rendered":"https:\/\/ecmicrophones.com\/?post_type=product&#038;p=84"},"modified":"2026-03-19T15:40:07","modified_gmt":"2026-03-19T07:40:07","slug":"dynamic-handheld-karaoke-microphone-cartridge-19-1mm","status":"publish","type":"product","link":"https:\/\/ecmicrophones.com\/pt\/dynamic-handheld-karaoke-microphone-cartridge-19-1mm\/","title":{"rendered":"Cartucho de microfone port\u00e1til din\u00e2mico de karaok\u00ea 19,1 mm"},"content":{"rendered":"<h2 class=\"text-start\">Especifica\u00e7\u00f5es t\u00e9cnicas<\/h2>\n<p class=\"text-start\">O ECM-DM1910K250 \u00e9 uma c\u00e1psula de microfone din\u00e2mico compacta de 19 mm projetada para aplica\u00e7\u00f5es acionadas por voz, como sistemas de microfone para confer\u00eancias, microfones amplificadores para salas de aula, microfones de m\u00e3o e microfones de cabe\u00e7a.<\/p>\n<p class=\"text-start\">Com uma resposta de frequ\u00eancia de 100Hz a 10kHz, ele capta a faixa vocal com clareza e calor, enquanto seu padr\u00e3o polar unidirecional reduz o ru\u00eddo ambiente. As op\u00e7\u00f5es de imped\u00e2ncia selecion\u00e1veis de 200\u03a9 e 250\u03a9 proporcionam uma integra\u00e7\u00e3o flex\u00edvel com v\u00e1rios sistemas de amplifica\u00e7\u00e3o.<\/p>\n<p class=\"text-start\">Seu formato pequeno se encaixa em gabinetes port\u00e1teis e produtos de voz de perfil fino, oferecendo desempenho est\u00e1vel e sem distor\u00e7\u00e3o em cen\u00e1rios de amplifica\u00e7\u00e3o de voz e fala em p\u00fablico.<\/p>\n<h3 class=\"pt-5 text-start\">Vista explodida e lista de pe\u00e7as<\/h3>\n<p><img loading=\"lazy\" decoding=\"async\" class=\"alignnone wp-image-3873 size-full\" src=\"https:\/\/ecmicrophones.com\/wp-content\/uploads\/2025\/12\/dynamic-part_ecm-dm1910k250.png\" alt=\"Vista explodida do ECM-DM1910K250: Conjunto de alto-falante de 8 componentes\" width=\"560\" height=\"310\" srcset=\"https:\/\/ecmicrophones.com\/wp-content\/uploads\/2025\/12\/dynamic-part_ecm-dm1910k250.png 560w, https:\/\/ecmicrophones.com\/wp-content\/uploads\/2025\/12\/dynamic-part_ecm-dm1910k250-300x166.png 300w, https:\/\/ecmicrophones.com\/wp-content\/uploads\/2025\/12\/dynamic-part_ecm-dm1910k250-18x10.png 18w\" sizes=\"auto, (max-width: 560px) 100vw, 560px\" \/><\/p>\n<p>Composi\u00e7\u00e3o dos componentes: 1. esponja 2. tampa 3. diafragma 4. bobina 5. a\u00e7o magn\u00e9tico 6. panelas de ferro 7. suporte 8. PCB+estanho<\/p>\n<h3 class=\"pt-5 text-start\">Curva de resposta de frequ\u00eancia<\/h3>\n<p><img loading=\"lazy\" decoding=\"async\" class=\"alignnone size-full wp-image-254\" src=\"https:\/\/ecmicrophones.com\/wp-content\/uploads\/2024\/03\/response-curve_ecm-dm1910k250.png\" alt=\"Resposta de frequ\u00eancia ECM-DM1910K250: Aumento de 100Hz-5kHz e atenua\u00e7\u00e3o at\u00e9 20kHz\" width=\"584\" height=\"447\" srcset=\"https:\/\/ecmicrophones.com\/wp-content\/uploads\/2024\/03\/response-curve_ecm-dm1910k250.png 584w, https:\/\/ecmicrophones.com\/wp-content\/uploads\/2024\/03\/response-curve_ecm-dm1910k250-300x230.png 300w, https:\/\/ecmicrophones.com\/wp-content\/uploads\/2024\/03\/response-curve_ecm-dm1910k250-16x12.png 16w\" sizes=\"auto, (max-width: 584px) 100vw, 584px\" \/><\/p>\n<p>A resposta de frequ\u00eancia se estende de 100 Hz a 10 kHz, proporcionando graves encorpados, m\u00e9dios suaves e uma suave atenua\u00e7\u00e3o nos agudos.<\/p>\n<h3 class=\"pt-5 text-start\">Dimens\u00f5es (UNIDADE: mm)<\/h3>\n<p><img loading=\"lazy\" decoding=\"async\" class=\"alignnone size-full wp-image-255\" src=\"https:\/\/ecmicrophones.com\/wp-content\/uploads\/2024\/03\/appearance-size_ecm-dm1910k250.png\" alt=\"ECM-DM1910K250 Dimens\u00f5es: \u03a619.1\u00d710mm\" width=\"365\" height=\"350\" srcset=\"https:\/\/ecmicrophones.com\/wp-content\/uploads\/2024\/03\/appearance-size_ecm-dm1910k250.png 365w, https:\/\/ecmicrophones.com\/wp-content\/uploads\/2024\/03\/appearance-size_ecm-dm1910k250-300x288.png 300w, https:\/\/ecmicrophones.com\/wp-content\/uploads\/2024\/03\/appearance-size_ecm-dm1910k250-13x12.png 13w\" sizes=\"auto, (max-width: 365px) 100vw, 365px\" \/><\/p>\n<p>Caixa de alto-falante padr\u00e3o de \u03a619,1\u00d710 mm.<\/p>","protected":false},"excerpt":{"rendered":"<p>Adequada para sistemas de microfones de confer\u00eancia, microfones amplificadores de sala de aula, microfones de m\u00e3o e microfones de cabe\u00e7a, essa c\u00e1psula de microfone din\u00e2mico unidirecional de 19,1 \u00d7 10 mm proporciona uma capta\u00e7\u00e3o de voz n\u00edtida com uma resposta de frequ\u00eancia de 100 Hz a 10 kHz e imped\u00e2ncia selecion\u00e1vel de 200\u03a9 ou 250\u03a9.<\/p>","protected":false},"featured_media":2423,"comment_status":"open","ping_status":"closed","template":"","meta":[],"product_brand":[721],"product_cat":[17],"product_tag":[310,116],"class_list":{"0":"post-84","1":"product","2":"type-product","3":"status-publish","4":"has-post-thumbnail","6":"product_brand-ecmic","7":"product_cat-dynamic-microphones","8":"product_tag-19mm","9":"product_tag-vocal","11":"first","12":"instock","13":"shipping-taxable","14":"purchasable","15":"product-type-simple"},"_links":{"self":[{"href":"https:\/\/ecmicrophones.com\/pt\/wp-json\/wp\/v2\/product\/84","targetHints":{"allow":["GET"]}}],"collection":[{"href":"https:\/\/ecmicrophones.com\/pt\/wp-json\/wp\/v2\/product"}],"about":[{"href":"https:\/\/ecmicrophones.com\/pt\/wp-json\/wp\/v2\/types\/product"}],"replies":[{"embeddable":true,"href":"https:\/\/ecmicrophones.com\/pt\/wp-json\/wp\/v2\/comments?post=84"}],"wp:featuredmedia":[{"embeddable":true,"href":"https:\/\/ecmicrophones.com\/pt\/wp-json\/wp\/v2\/media\/2423"}],"wp:attachment":[{"href":"https:\/\/ecmicrophones.com\/pt\/wp-json\/wp\/v2\/media?parent=84"}],"wp:term":[{"taxonomy":"product_brand","embeddable":true,"href":"https:\/\/ecmicrophones.com\/pt\/wp-json\/wp\/v2\/product_brand?post=84"},{"taxonomy":"product_cat","embeddable":true,"href":"https:\/\/ecmicrophones.com\/pt\/wp-json\/wp\/v2\/product_cat?post=84"},{"taxonomy":"product_tag","embeddable":true,"href":"https:\/\/ecmicrophones.com\/pt\/wp-json\/wp\/v2\/product_tag?post=84"}],"curies":[{"name":"wp","href":"https:\/\/api.w.org\/{rel}","templated":true}]}}