{"id":856,"date":"2024-05-24T15:45:50","date_gmt":"2024-05-24T07:45:50","guid":{"rendered":"https:\/\/ecmicrophones.com\/?post_type=product&#038;p=856"},"modified":"2026-03-19T15:27:55","modified_gmt":"2026-03-19T07:27:55","slug":"unidirectional-electret-condenser-microphone-cartridge-for-live-streaming-shotgun","status":"publish","type":"product","link":"https:\/\/ecmicrophones.com\/pt\/unidirectional-electret-condenser-microphone-cartridge-for-live-streaming-shotgun\/","title":{"rendered":"Cartucho de microfone condensador de eletreto unidirecional para espingarda de transmiss\u00e3o ao vivo"},"content":{"rendered":"<h2 class=\"text-start\">Especifica\u00e7\u00f5es t\u00e9cnicas<\/h2>\n<p class=\"text-start\">Nossa c\u00e1psula de microfone de diafragma grande unidirecional 1463 \u00e9 um microfone de alta sensibilidade projetado para microfones shotgun, proporcionando excelente resist\u00eancia a interfer\u00eancias e qualidade de \u00e1udio superior.<\/p>\n<h3 class=\"pt-5 text-start\">Circuito de teste padr\u00e3o<\/h3>\n<p><img loading=\"lazy\" decoding=\"async\" class=\"alignnone size-full wp-image-859\" src=\"https:\/\/ecmicrophones.com\/wp-content\/uploads\/2024\/05\/standard-test-circuit_ecm-b1463ul45-290.png\" alt=\"Circuito de teste de microfone de transmiss\u00e3o ECM-B1463UL45: polariza\u00e7\u00e3o de 680\u03a9, alimenta\u00e7\u00e3o de 1,5V, sa\u00edda de 1\u03bcF\" width=\"572\" height=\"235\" srcset=\"https:\/\/ecmicrophones.com\/wp-content\/uploads\/2024\/05\/standard-test-circuit_ecm-b1463ul45-290.png 572w, https:\/\/ecmicrophones.com\/wp-content\/uploads\/2024\/05\/standard-test-circuit_ecm-b1463ul45-290-300x123.png 300w, https:\/\/ecmicrophones.com\/wp-content\/uploads\/2024\/05\/standard-test-circuit_ecm-b1463ul45-290-18x7.png 18w\" sizes=\"auto, (max-width: 572px) 100vw, 572px\" \/><\/p>\n<p>Resistor de polariza\u00e7\u00e3o de 680\u03a9, alimenta\u00e7\u00e3o de 1,5V CC, capacitor de sa\u00edda de 1\u03bcF. Otimizado para desempenho de \u00e1udio de n\u00edvel de transmiss\u00e3o.<\/p>\n<h3 class=\"pt-5 text-start\">Resposta de frequ\u00eancia t\u00edpica<\/h3>\n<p><img loading=\"lazy\" decoding=\"async\" class=\"alignnone size-full wp-image-858\" src=\"https:\/\/ecmicrophones.com\/wp-content\/uploads\/2024\/05\/typical-frequency-response_ecm-b1463ul45-290.png\" alt=\"Resposta de frequ\u00eancia ECM-B1463UL45: Plana de 200Hz a 12kHz com atenua\u00e7\u00e3o controlada acima de 12kHz\" width=\"625\" height=\"316\" srcset=\"https:\/\/ecmicrophones.com\/wp-content\/uploads\/2024\/05\/typical-frequency-response_ecm-b1463ul45-290.png 625w, https:\/\/ecmicrophones.com\/wp-content\/uploads\/2024\/05\/typical-frequency-response_ecm-b1463ul45-290-300x152.png 300w, https:\/\/ecmicrophones.com\/wp-content\/uploads\/2024\/05\/typical-frequency-response_ecm-b1463ul45-290-18x9.png 18w, https:\/\/ecmicrophones.com\/wp-content\/uploads\/2024\/05\/typical-frequency-response_ecm-b1463ul45-290-600x303.png 600w\" sizes=\"auto, (max-width: 625px) 100vw, 625px\" \/><\/p>\n<p>Resposta vocal profissional: Faixa plana de 200Hz a 12kHz com atenua\u00e7\u00e3o gradual al\u00e9m de 12kHz.<\/p>\n<h3 class=\"pt-5 text-start\">Dimens\u00f5es (unidade: mm)<\/h3>\n<p><img loading=\"lazy\" decoding=\"async\" class=\"alignnone size-full wp-image-857\" src=\"https:\/\/ecmicrophones.com\/wp-content\/uploads\/2024\/05\/appearance-dimension_ecm-b1463ul45-290.png\" alt=\"ECM-B1463UL45 Dimens\u00f5es: C\u00e1psula de transmiss\u00e3o de \u03a614\u00d76,3 mm com portas ac\u00fasticas duplas\" width=\"625\" height=\"394\" srcset=\"https:\/\/ecmicrophones.com\/wp-content\/uploads\/2024\/05\/appearance-dimension_ecm-b1463ul45-290.png 625w, https:\/\/ecmicrophones.com\/wp-content\/uploads\/2024\/05\/appearance-dimension_ecm-b1463ul45-290-300x189.png 300w, https:\/\/ecmicrophones.com\/wp-content\/uploads\/2024\/05\/appearance-dimension_ecm-b1463ul45-290-18x12.png 18w, https:\/\/ecmicrophones.com\/wp-content\/uploads\/2024\/05\/appearance-dimension_ecm-b1463ul45-290-600x378.png 600w\" sizes=\"auto, (max-width: 625px) 100vw, 625px\" \/><\/p>\n<p>C\u00e1psula profissional de \u03a614\u00d76,3 mm com malha frontal contra poeira e porta ac\u00fastica traseira.<\/p>","protected":false},"excerpt":{"rendered":"<p>O ECM-B1463UL45-290 \u00e9 uma c\u00e1psula de microfone unidirecional de 14 \u00d7 6,3 mm ideal para microfones de transmiss\u00e3o ao vivo e microfones de karaok\u00ea. Com uma sensibilidade de -45dB\u00b12 e uma rela\u00e7\u00e3o sinal-ru\u00eddo de 70dB, ele garante captura de som de alta qualidade para aplica\u00e7\u00f5es de \u00e1udio profissional.<\/p>","protected":false},"featured_media":2633,"comment_status":"open","ping_status":"closed","template":"","meta":[],"product_brand":[721],"product_cat":[16,21],"product_tag":[280,288,116],"class_list":{"0":"post-856","1":"product","2":"type-product","3":"status-publish","4":"has-post-thumbnail","6":"product_brand-ecmic","7":"product_cat-electret-microphones","8":"product_cat-unidirectional-microphones","9":"product_tag-14mm","10":"product_tag-solder-pads","11":"product_tag-vocal","13":"first","14":"instock","15":"shipping-taxable","16":"purchasable","17":"product-type-simple"},"_links":{"self":[{"href":"https:\/\/ecmicrophones.com\/pt\/wp-json\/wp\/v2\/product\/856","targetHints":{"allow":["GET"]}}],"collection":[{"href":"https:\/\/ecmicrophones.com\/pt\/wp-json\/wp\/v2\/product"}],"about":[{"href":"https:\/\/ecmicrophones.com\/pt\/wp-json\/wp\/v2\/types\/product"}],"replies":[{"embeddable":true,"href":"https:\/\/ecmicrophones.com\/pt\/wp-json\/wp\/v2\/comments?post=856"}],"wp:featuredmedia":[{"embeddable":true,"href":"https:\/\/ecmicrophones.com\/pt\/wp-json\/wp\/v2\/media\/2633"}],"wp:attachment":[{"href":"https:\/\/ecmicrophones.com\/pt\/wp-json\/wp\/v2\/media?parent=856"}],"wp:term":[{"taxonomy":"product_brand","embeddable":true,"href":"https:\/\/ecmicrophones.com\/pt\/wp-json\/wp\/v2\/product_brand?post=856"},{"taxonomy":"product_cat","embeddable":true,"href":"https:\/\/ecmicrophones.com\/pt\/wp-json\/wp\/v2\/product_cat?post=856"},{"taxonomy":"product_tag","embeddable":true,"href":"https:\/\/ecmicrophones.com\/pt\/wp-json\/wp\/v2\/product_tag?post=856"}],"curies":[{"name":"wp","href":"https:\/\/api.w.org\/{rel}","templated":true}]}}