{"id":989,"date":"2024-06-03T16:11:52","date_gmt":"2024-06-03T08:11:52","guid":{"rendered":"https:\/\/ecmicrophones.com\/?post_type=product&#038;p=989"},"modified":"2026-03-19T15:26:25","modified_gmt":"2026-03-19T07:26:25","slug":"8mm-electret-lavalier-mic-capsule-with-flat-frequency-response","status":"publish","type":"product","link":"https:\/\/ecmicrophones.com\/pt\/8mm-electret-lavalier-mic-capsule-with-flat-frequency-response\/","title":{"rendered":"C\u00e1psula de microfone de lapela eletreto de 8 mm com resposta de frequ\u00eancia plana"},"content":{"rendered":"<h2 class=\"text-start\">Especifica\u00e7\u00f5es t\u00e9cnicas<\/h2>\n<p class=\"text-start\">Nosso elemento de microfone omnidirecional 8045 tem uma taxa de distor\u00e7\u00e3o de \u22642% a 120dB SPL. Ele tem 8 mm de di\u00e2metro e 4,5 mm de altura. Este microfone pode lidar bem com frequ\u00eancias baixas, m\u00e9dias e altas, o que o torna \u00f3timo para microfones de lapela e streaming. Ele fornece som claro e detalhado, especialmente para vozes.<\/p>\n<h3 class=\"pt-5 text-start\">Circuito de teste padr\u00e3o<\/h3>\n<p><img loading=\"lazy\" decoding=\"async\" class=\"alignnone size-full wp-image-991\" src=\"https:\/\/ecmicrophones.com\/wp-content\/uploads\/2024\/06\/standard-test-circuit_ecm-b8045al38-24079.jpg\" alt=\"Circuito de teste ECM-B8045AL38: polariza\u00e7\u00e3o de 2,2k\u03a9, alimenta\u00e7\u00e3o de 2V, sa\u00edda de 1\u03bcF\" width=\"578\" height=\"256\" srcset=\"https:\/\/ecmicrophones.com\/wp-content\/uploads\/2024\/06\/standard-test-circuit_ecm-b8045al38-24079.jpg 578w, https:\/\/ecmicrophones.com\/wp-content\/uploads\/2024\/06\/standard-test-circuit_ecm-b8045al38-24079-300x133.jpg 300w, https:\/\/ecmicrophones.com\/wp-content\/uploads\/2024\/06\/standard-test-circuit_ecm-b8045al38-24079-18x8.jpg 18w\" sizes=\"auto, (max-width: 578px) 100vw, 578px\" \/><\/p>\n<p>Resistor de polariza\u00e7\u00e3o de 2,2k\u03a9, alimenta\u00e7\u00e3o de 2V CC, capacitor de sa\u00edda de 1\u03bcF. Configura\u00e7\u00e3o de frequ\u00eancia de voz padr\u00e3o.<\/p>\n<h3 class=\"pt-5 text-start\">Resposta de frequ\u00eancia t\u00edpica<\/h3>\n<p><img loading=\"lazy\" decoding=\"async\" class=\"alignnone size-full wp-image-992\" src=\"https:\/\/ecmicrophones.com\/wp-content\/uploads\/2024\/06\/typical-frequency-response_ecm-b8045al38-24079.jpg\" alt=\"Resposta de frequ\u00eancia ECM-B8045AL38: Resposta plana\" width=\"573\" height=\"411\" srcset=\"https:\/\/ecmicrophones.com\/wp-content\/uploads\/2024\/06\/typical-frequency-response_ecm-b8045al38-24079.jpg 573w, https:\/\/ecmicrophones.com\/wp-content\/uploads\/2024\/06\/typical-frequency-response_ecm-b8045al38-24079-300x215.jpg 300w, https:\/\/ecmicrophones.com\/wp-content\/uploads\/2024\/06\/typical-frequency-response_ecm-b8045al38-24079-18x12.jpg 18w\" sizes=\"auto, (max-width: 573px) 100vw, 573px\" \/><\/p>\n<p>Resposta de frequ\u00eancia plana para reprodu\u00e7\u00e3o precisa da voz.<\/p>\n<h3 class=\"pt-5 text-start\">Dimens\u00f5es (unidade: mm)<\/h3>\n<p><img loading=\"lazy\" decoding=\"async\" class=\"alignnone size-full wp-image-990\" src=\"https:\/\/ecmicrophones.com\/wp-content\/uploads\/2024\/06\/appearance-dimension_ecm-b8045al38-24079.jpg\" alt=\"ECM-B8045AL38 Dimens\u00f5es: \u03a68\u00d74,5 mm com malha frontal contra poeira (traseira selada)\" width=\"498\" height=\"288\" srcset=\"https:\/\/ecmicrophones.com\/wp-content\/uploads\/2024\/06\/appearance-dimension_ecm-b8045al38-24079.jpg 498w, https:\/\/ecmicrophones.com\/wp-content\/uploads\/2024\/06\/appearance-dimension_ecm-b8045al38-24079-300x173.jpg 300w, https:\/\/ecmicrophones.com\/wp-content\/uploads\/2024\/06\/appearance-dimension_ecm-b8045al38-24079-18x10.jpg 18w\" sizes=\"auto, (max-width: 498px) 100vw, 498px\" \/><\/p>\n<p>Carca\u00e7a de \u03a68\u00d74,5 mm com malha frontal contra poeira (design traseiro sem porta).<\/p>","protected":false},"excerpt":{"rendered":"<p>O ECM-B8045AL38-24079 \u00e9 uma c\u00e1psula de microfone omnidirecional de 8 \u00d7 4,5 mm com uma sensibilidade de -38dB\u00b12 e uma rela\u00e7\u00e3o sinal-ru\u00eddo de 70dB. Projetado para se destacar na captura de vozes humanas, \u00e9 ideal para aplica\u00e7\u00f5es como microfones de lapela e microfones de streaming. Esta c\u00e1psula de microfone garante reprodu\u00e7\u00e3o vocal clara e proeminente, perfeita para captura de \u00e1udio de alta qualidade.<\/p>","protected":false},"featured_media":2668,"comment_status":"open","ping_status":"closed","template":"","meta":[],"product_brand":[721],"product_cat":[16,20],"product_tag":[294,235,288],"class_list":{"0":"post-989","1":"product","2":"type-product","3":"status-publish","4":"has-post-thumbnail","6":"product_brand-ecmic","7":"product_cat-electret-microphones","8":"product_cat-omnidirectional-microphones","9":"product_tag-8mm","10":"product_tag-conference","11":"product_tag-solder-pads","13":"first","14":"instock","15":"shipping-taxable","16":"purchasable","17":"product-type-simple"},"_links":{"self":[{"href":"https:\/\/ecmicrophones.com\/pt\/wp-json\/wp\/v2\/product\/989","targetHints":{"allow":["GET"]}}],"collection":[{"href":"https:\/\/ecmicrophones.com\/pt\/wp-json\/wp\/v2\/product"}],"about":[{"href":"https:\/\/ecmicrophones.com\/pt\/wp-json\/wp\/v2\/types\/product"}],"replies":[{"embeddable":true,"href":"https:\/\/ecmicrophones.com\/pt\/wp-json\/wp\/v2\/comments?post=989"}],"wp:featuredmedia":[{"embeddable":true,"href":"https:\/\/ecmicrophones.com\/pt\/wp-json\/wp\/v2\/media\/2668"}],"wp:attachment":[{"href":"https:\/\/ecmicrophones.com\/pt\/wp-json\/wp\/v2\/media?parent=989"}],"wp:term":[{"taxonomy":"product_brand","embeddable":true,"href":"https:\/\/ecmicrophones.com\/pt\/wp-json\/wp\/v2\/product_brand?post=989"},{"taxonomy":"product_cat","embeddable":true,"href":"https:\/\/ecmicrophones.com\/pt\/wp-json\/wp\/v2\/product_cat?post=989"},{"taxonomy":"product_tag","embeddable":true,"href":"https:\/\/ecmicrophones.com\/pt\/wp-json\/wp\/v2\/product_tag?post=989"}],"curies":[{"name":"wp","href":"https:\/\/api.w.org\/{rel}","templated":true}]}}