{"id":996,"date":"2024-06-04T17:22:59","date_gmt":"2024-06-04T09:22:59","guid":{"rendered":"https:\/\/ecmicrophones.com\/?post_type=product&#038;p=996"},"modified":"2026-03-19T15:25:37","modified_gmt":"2026-03-19T07:25:37","slug":"electret-condenser-microphone-for-recorder-replacement","status":"publish","type":"product","link":"https:\/\/ecmicrophones.com\/pt\/electret-condenser-microphone-for-recorder-replacement\/","title":{"rendered":"Microfone condensador eletreto para substitui\u00e7\u00e3o de gravador"},"content":{"rendered":"<h2 class=\"text-start\">Especifica\u00e7\u00f5es t\u00e9cnicas<\/h2>\n<p class=\"text-start\">Nosso microfone omnidirecional 6027 para gravador de voz apresenta ru\u00eddo pr\u00f3prio ultrabaixo, fidelidade de \u00e1udio HiFi e consumo de energia ultrabaixo. Ele oferece uma alta rela\u00e7\u00e3o sinal-ru\u00eddo e baixo ru\u00eddo, garantindo desempenho superior para grava\u00e7\u00e3o de \u00e1udio clara e precisa.<\/p>\n<h3 class=\"pt-5 text-start\">Circuito de teste padr\u00e3o<\/h3>\n<p><img loading=\"lazy\" decoding=\"async\" src=\"https:\/\/ecmicrophones.com\/wp-content\/uploads\/2024\/06\/standard-test-circuit_ecm-b6027aml38-728.jpg\" alt=\"Circuito de teste ECM-B6027AML38: polariza\u00e7\u00e3o de 2,2k\u03a9, alimenta\u00e7\u00e3o de 2V, sa\u00edda de 1\u03bcF\" width=\"586\" height=\"236\" class=\"alignnone size-full wp-image-999\" srcset=\"https:\/\/ecmicrophones.com\/wp-content\/uploads\/2024\/06\/standard-test-circuit_ecm-b6027aml38-728.jpg 586w, https:\/\/ecmicrophones.com\/wp-content\/uploads\/2024\/06\/standard-test-circuit_ecm-b6027aml38-728-300x121.jpg 300w, https:\/\/ecmicrophones.com\/wp-content\/uploads\/2024\/06\/standard-test-circuit_ecm-b6027aml38-728-18x7.jpg 18w\" sizes=\"auto, (max-width: 586px) 100vw, 586px\" \/><\/p>\n<p>Resistor de polariza\u00e7\u00e3o de 2,2k\u03a9, alimenta\u00e7\u00e3o de 2V CC, capacitor de sa\u00edda de 1\u03bcF. Configura\u00e7\u00e3o de frequ\u00eancia de voz padr\u00e3o.<\/p>\n<h3 class=\"pt-5 text-start\">Resposta de frequ\u00eancia t\u00edpica<\/h3>\n<p><img loading=\"lazy\" decoding=\"async\" src=\"https:\/\/ecmicrophones.com\/wp-content\/uploads\/2024\/06\/typical-frequency-response_ecm-b6027aml38-728.jpg\" alt=\"Resposta de frequ\u00eancia ECM-B6027AML38: Resposta plana com uma atenua\u00e7\u00e3o suave acima de 10kHz\" width=\"593\" height=\"422\" class=\"alignnone size-full wp-image-998\" srcset=\"https:\/\/ecmicrophones.com\/wp-content\/uploads\/2024\/06\/typical-frequency-response_ecm-b6027aml38-728.jpg 593w, https:\/\/ecmicrophones.com\/wp-content\/uploads\/2024\/06\/typical-frequency-response_ecm-b6027aml38-728-300x213.jpg 300w, https:\/\/ecmicrophones.com\/wp-content\/uploads\/2024\/06\/typical-frequency-response_ecm-b6027aml38-728-18x12.jpg 18w\" sizes=\"auto, (max-width: 593px) 100vw, 593px\" \/><\/p>\n<p>Resposta de frequ\u00eancia plana com atenua\u00e7\u00e3o controlada acima de 10kHz.<\/p>\n<h3 class=\"pt-5 text-start\">Dimens\u00f5es (unidade: mm)<\/h3>\n<p><img loading=\"lazy\" decoding=\"async\" src=\"https:\/\/ecmicrophones.com\/wp-content\/uploads\/2024\/06\/appearance-dimension_ecm-b6027aml38-728.jpg\" alt=\"ECM-B6027AML38 Dimens\u00f5es: \u03a66\u00d72,7 mm com malha frontal contra poeira (traseira selada)\" width=\"459\" height=\"420\" class=\"alignnone size-full wp-image-997\" srcset=\"https:\/\/ecmicrophones.com\/wp-content\/uploads\/2024\/06\/appearance-dimension_ecm-b6027aml38-728.jpg 459w, https:\/\/ecmicrophones.com\/wp-content\/uploads\/2024\/06\/appearance-dimension_ecm-b6027aml38-728-300x275.jpg 300w, https:\/\/ecmicrophones.com\/wp-content\/uploads\/2024\/06\/appearance-dimension_ecm-b6027aml38-728-13x12.jpg 13w\" sizes=\"auto, (max-width: 459px) 100vw, 459px\" \/><\/p>\n<p>Caixa compacta de \u03a66\u00d72,7 mm com malha frontal contra poeira (design sem porta).<\/p>","protected":false},"excerpt":{"rendered":"<p>O ECM-B6027AML38-728 \u00e9 uma c\u00e1psula de microfone omnidirecional de 6 \u00d7 2,7 mm com sensibilidade de -38dB\u00b12 e rela\u00e7\u00e3o sinal-ru\u00eddo de 75dB. \u00c9 ideal para aplica\u00e7\u00f5es profissionais, como canetas de grava\u00e7\u00e3o e microfones de lapela, garantindo captura de som clara e precisa.<\/p>","protected":false},"featured_media":2664,"comment_status":"open","ping_status":"closed","template":"","meta":[],"product_brand":[721],"product_cat":[20,16],"product_tag":[283,235,288],"class_list":{"0":"post-996","1":"product","2":"type-product","3":"status-publish","4":"has-post-thumbnail","6":"product_brand-ecmic","7":"product_cat-omnidirectional-microphones","8":"product_cat-electret-microphones","9":"product_tag-6mm","10":"product_tag-conference","11":"product_tag-solder-pads","13":"first","14":"instock","15":"shipping-taxable","16":"purchasable","17":"product-type-simple"},"_links":{"self":[{"href":"https:\/\/ecmicrophones.com\/pt\/wp-json\/wp\/v2\/product\/996","targetHints":{"allow":["GET"]}}],"collection":[{"href":"https:\/\/ecmicrophones.com\/pt\/wp-json\/wp\/v2\/product"}],"about":[{"href":"https:\/\/ecmicrophones.com\/pt\/wp-json\/wp\/v2\/types\/product"}],"replies":[{"embeddable":true,"href":"https:\/\/ecmicrophones.com\/pt\/wp-json\/wp\/v2\/comments?post=996"}],"wp:featuredmedia":[{"embeddable":true,"href":"https:\/\/ecmicrophones.com\/pt\/wp-json\/wp\/v2\/media\/2664"}],"wp:attachment":[{"href":"https:\/\/ecmicrophones.com\/pt\/wp-json\/wp\/v2\/media?parent=996"}],"wp:term":[{"taxonomy":"product_brand","embeddable":true,"href":"https:\/\/ecmicrophones.com\/pt\/wp-json\/wp\/v2\/product_brand?post=996"},{"taxonomy":"product_cat","embeddable":true,"href":"https:\/\/ecmicrophones.com\/pt\/wp-json\/wp\/v2\/product_cat?post=996"},{"taxonomy":"product_tag","embeddable":true,"href":"https:\/\/ecmicrophones.com\/pt\/wp-json\/wp\/v2\/product_tag?post=996"}],"curies":[{"name":"wp","href":"https:\/\/api.w.org\/{rel}","templated":true}]}}